{"id":40,"date":"2025-12-19T09:18:49","date_gmt":"2025-12-19T09:18:49","guid":{"rendered":"https:\/\/somigroup.vn\/?page_id=40"},"modified":"2026-01-03T07:58:38","modified_gmt":"2026-01-03T07:58:38","slug":"media","status":"publish","type":"page","link":"https:\/\/somigroup.vn\/?page_id=40","title":{"rendered":"Media"},"content":{"rendered":"\n<div class=\"wp-block-group alignfull has-global-padding is-layout-constrained wp-container-core-group-is-layout-490fa1db wp-block-group-is-layout-constrained\" style=\"padding-top:var(--wp--preset--spacing--50);padding-right:var(--wp--preset--spacing--50);padding-bottom:var(--wp--preset--spacing--50);padding-left:var(--wp--preset--spacing--50)\">\n<div class=\"wp-block-group has-global-padding is-layout-constrained wp-container-core-group-is-layout-650790e1 wp-block-group-is-layout-constrained\">\n<h1 class=\"wp-block-heading has-text-align-center has-x-large-font-size\">Gi\u1edbi thi\u1ec7u Visual Identiy (About SOMI Group).<\/h1>\n\n\n\n<div style=\"height:1.25rem\" aria-hidden=\"true\" class=\"wp-block-spacer\"><\/div>\n\n\n\n<p class=\"has-text-align-center has-utm-avo-font-family has-medium-font-size\"><strong>Bi\u1ec3u t\u01b0\u1ee3ng th\u01b0\u01a1ng hi\u1ec7u (The Logo)<br><\/strong>Logo \u0111\u01b0\u1ee3c thi\u1ebft k\u1ebf v\u1edbi m\u00f4 t\u00edp g\u1eafn k\u1ebft 2 Type ch\u1eef S &amp; M &#8220;Song Minh&#8221;, \u0111\u1eb7t t\u00ean th\u01b0\u01a1ng hi\u1ec7u SOMI Group. T\u1ea1o li\u00ean k\u1ebft li\u00ean t\u1ee5c, c\u00f3 ngh\u0129a b\u01b0\u1edbc \u0111\u1ea7u ti\u00ean ph\u00e1t tri\u1ec3n ho\u1ea1t \u0111\u1ed9ng d\u1ecbch v\u1ee5 &#8220;Service with Purpose&#8221;, c\u00e2u chuy\u1ec7n th\u01b0\u01a1ng hi\u1ec7u \u0111\u1ed3ng h\u00e0nh v\u00e0 ph\u00e1t tri\u1ec3n v\u1edbi s\u1ee9 m\u1ec7nh.<\/p>\n\n\n\n<p><\/p>\n\n\n\n<p class=\"has-text-align-center has-utm-avo-font-family has-medium-font-size\">C\u00f3 ngh\u0129a l\u00e0 s\u1ef1 chuy\u1ec3n m\u00ecnh c\u1ee7a l\u0129nh v\u1ef1c c\u1ed1t l\u00f5i, G\u00f3c d\u01b0\u1edbi b\u00ean ph\u1ea3i \u0111\u01b0\u1eddng d\u1eabn \u0111\u01b0\u1ee3c \u201c m\u1edf \u201dcho th\u1ea5y s\u1ef1 c\u1edfi m\u1edf c\u1ee7a nh\u00f3m \u0111\u1ed1i v\u1edbi s\u1ef1 ph\u00e1t tri\u1ec3n v\u00e0 \u00e1p d\u1ee5ng m\u1ed9t d\u1ecbch v\u1ee5 kinh doanh m\u1edbi.<\/p>\n\n\n\n<p><\/p>\n\n\n\n<blockquote class=\"wp-block-quote has-accent-background-color has-background has-utm-avo-font-family has-medium-font-size is-layout-flow wp-block-quote-is-layout-flow\" style=\"font-style:normal;font-weight:700\">\n<ul class=\"wp-block-list\">\n<li>H\u01b0\u1edbng \u0111\u1ebfn kh\u00e1ch h\u00e0ng, t\u1ea1o gi\u00e1 tr\u1ecb ph\u00e1t tri\u1ec3n b\u1ec1n v\u1eefng.<\/li>\n\n\n\n<li class=\"has-utm-avo-font-family\">Nh\u00e2n s\u1ef1 tr\u00e1ch nhi\u1ec7m g\u1eafn k\u1ebft, chia s\u1ebb.<\/li>\n\n\n\n<li>S\u1ea3n ph\u1ea9m li\u00ean k\u1ebft d\u1ecbch v\u1ee5 uy t\u00edn t\u1ed1i \u01b0u v\u00e0 linh ho\u1ea1t.<\/li>\n<\/ul>\n<\/blockquote>\n\n\n\n<div style=\"height:1.25rem\" aria-hidden=\"true\" class=\"wp-block-spacer\"><\/div>\n\n\n\n<div class=\"wp-block-buttons is-content-justification-center is-layout-flex wp-container-core-buttons-is-layout-a89b3969 wp-block-buttons-is-layout-flex\">\n<div class=\"wp-block-button\"><a class=\"wp-block-button__link wp-element-button\">Download &amp; view<\/a><\/div>\n<\/div>\n<\/div>\n\n\n\n<div style=\"height:var(--wp--preset--spacing--30)\" aria-hidden=\"true\" class=\"wp-block-spacer\"><\/div>\n\n\n\n<figure class=\"wp-block-image alignwide size-full is-style-rounded is-style-rounded--1\"><img loading=\"lazy\" decoding=\"async\" width=\"2400\" height=\"1600\" src=\"https:\/\/somigroup.vn\/wp-content\/uploads\/2025\/12\/01-branding-somigroup.jpg\" alt=\"\" class=\"wp-image-202\"\/><\/figure>\n<\/div>\n\n\n\n<div class=\"wp-block-group alignfull has-accent-color has-contrast-background-color has-text-color has-background has-link-color wp-elements-56435ebb308b9308f8d03d80974242f6 has-global-padding is-layout-constrained wp-container-core-group-is-layout-669513ed wp-block-group-is-layout-constrained\" style=\"margin-top:0;margin-bottom:0;padding-top:var(--wp--preset--spacing--50);padding-right:var(--wp--preset--spacing--50);padding-bottom:var(--wp--preset--spacing--50);padding-left:var(--wp--preset--spacing--50)\">\n<div class=\"wp-block-group is-vertical is-content-justification-center is-layout-flex wp-container-core-group-is-layout-52b864f0 wp-block-group-is-layout-flex\">\n<h2 class=\"wp-block-heading has-text-align-center is-style-default has-contrast-2-color has-text-color has-link-color has-xx-large-font-size wp-elements-a68b0104d22b9b97a130053789f3e2e1\">SOMI Group<\/h2>\n\n\n\n<div style=\"height:0px\" aria-hidden=\"true\" class=\"wp-block-spacer wp-container-content-4f2ccadb\"><\/div>\n\n\n\n<p class=\"has-text-align-center\">SOMI Group l\u00e0 &#8220;m\u1ed9t c\u00f4ng ty \u0111\u1ed9c l\u1eadp li\u00ean k\u1ebft s\u1ea3n ph\u1ea9m d\u1ecbch v\u1ee5 &amp; th\u01b0\u01a1ng m\u1ea1i. C\u00e1c l\u0129nh v\u1ef1c kinh doanh v\u00e0 d\u1ecbch v\u1ee5 trong l\u0129nh v\u1ef1c ph\u00e1t tri\u1ec3n c\u0103n h\u1ed9 d\u1ecbch v\u1ee5 &amp; l\u01b0u tr\u00fa cao c\u1ea5p (serviced apartment) &#8211; Cleaning &#8211; Travel.&#8221; D\u1ef1 \u00e1n thi\u1ebft k\u1ebf b\u1ed9 nh\u1eadn di\u1ec7n th\u01b0\u01a1ng hi\u1ec7u SOMI Group, t\u1eadp trung v\u00e0o vi\u1ec7c \u0111\u1ea3m b\u1ea3o t\u1ed1i \u0111a h\u00f3a truy\u1ec1n th\u00f4ng cho nhu c\u1ea7u t\u1ea7m nh\u00ecn ph\u00e1t tri\u1ec3n.<\/p>\n<\/div>\n\n\n\n<div style=\"margin-top:0;margin-bottom:0;height:var(--wp--preset--spacing--40)\" aria-hidden=\"true\" class=\"wp-block-spacer\"><\/div>\n\n\n\n<div class=\"wp-block-columns alignwide is-layout-flex wp-container-core-columns-is-layout-d0bbbce0 wp-block-columns-is-layout-flex\">\n<div class=\"wp-block-column is-layout-flow wp-container-core-column-is-layout-e3d1c41b wp-block-column-is-layout-flow\">\n<p class=\"has-text-align-left\">SOMI Group<\/p>\n\n\n\n<p class=\"has-text-align-left\"><strong>C\u00f4ng ty SOMI Group.<\/strong><br>Chuy\u00ean l\u0129nh v\u1ef1c \u2013 Th\u01b0\u01a1ng hi\u1ec7u Kinh doanh &amp; D\u1ecbch v\u1ee5 c\u0103n h\u1ed9 cho thu\u00ea v\u00e0 cao c\u1ea5p t\u1ea1i HCM..<\/p>\n<\/div>\n\n\n\n<div class=\"wp-block-column is-layout-flow wp-container-core-column-is-layout-e3d1c41b wp-block-column-is-layout-flow\">\n<p class=\"has-text-align-left\">Somi Luxstay<\/p>\n\n\n\n<p class=\"has-text-align-left\"><strong>C\u0103n h\u1ed9 cho thu\u00ea v\u00e0 l\u01b0u tr\u00fa.<br><\/strong>Ph\u00e1t tri\u1ec3n d\u1ecbch v\u1ee5 \u2013 Cho thu\u00ea c\u0103n h\u1ed9 d\u1ecbch v\u1ee5 v\u00e0 cho thu\u00ea cao c\u1ea5p.<\/p>\n\n\n\n<p class=\"has-text-align-left\"><\/p>\n<\/div>\n\n\n\n<div class=\"wp-block-column is-layout-flow wp-container-core-column-is-layout-e3d1c41b wp-block-column-is-layout-flow\">\n<p class=\"has-text-align-left\">Somi Clean<\/p>\n\n\n\n<p class=\"has-text-align-left\"><strong>T\u1ea1i Vinhomes Landmark 81.<\/strong><br>Somi Clean s\u1ea3n ph\u1ea9m d\u1ecbch v\u1ee5 \u0111\u00e1p \u1ee9ng gi\u1eb7t \u1ee7i, s\u1ea5y, cao c\u1ea5p\u2026 \u0111\u1ebfn v\u1edbi qu\u00fd kh\u00e1ch t\u1ea1i TP. HCM.<\/p>\n\n\n\n<p class=\"has-text-align-left\"><\/p>\n<\/div>\n<\/div>\n\n\n\n<div style=\"height:var(--wp--preset--spacing--20)\" aria-hidden=\"true\" class=\"wp-block-spacer\"><\/div>\n<\/div>\n\n\n\n<div class=\"wp-block-group alignfull has-contrast-color has-accent-background-color has-text-color has-background has-global-padding is-layout-constrained wp-container-core-group-is-layout-5afe9d9f wp-block-group-is-layout-constrained\" style=\"margin-top:0;margin-bottom:0;padding-top:var(--wp--preset--spacing--30);padding-right:var(--wp--preset--spacing--60);padding-bottom:var(--wp--preset--spacing--30);padding-left:var(--wp--preset--spacing--60)\">\n<div class=\"wp-block-group has-global-padding is-layout-constrained wp-block-group-is-layout-constrained\">\n<p class=\"has-text-align-center has-contrast-2-color has-text-color has-utm-avo-font-family has-large-font-size\" style=\"line-height:1.2\"><strong>L\u00e0 ng\u01b0\u1eddi l\u00e3nh \u0111\u1ea1o.<\/strong><\/p>\n\n\n\n<p class=\"has-text-align-center has-contrast-color has-text-color has-utm-avo-font-family has-medium-font-size\" style=\"line-height:1.2\"><br><em>&#8221; H\u01b0\u1edbng \u0111\u1ebfn vi\u1ec7c m\u1edf r\u1ed9ng kh\u00f4ng gian c\u00f3 t\u00ednh k\u1ebft n\u1ed1i v\u00e0 tr\u1ea3i nghi\u1ec7m \u0111\u1ec3 ph\u1ee5c v\u1ee5 du kh\u00e1ch qua c\u00e1c c\u0103n h\u1ed9 d\u1ecbch v\u1ee5 sang tr\u1ecdng, cao c\u1ea5p c\u1ee7a ch\u00fang t\u00f4i<\/em> <em>&#8220;<\/em><\/p>\n\n\n\n<p class=\"has-text-align-center has-contrast-color has-text-color has-utm-avo-font-family has-medium-font-size\" style=\"line-height:1.2\">V\u1edbi s\u1ef1 \u0111\u1ea7u t\u01b0 d\u00e0i h\u1ea1n v\u00e0o \u0111\u1ed9i ng\u0169 nh\u00e2n vi\u00ean, d\u1ecbch v\u1ee5, v\u00e0 c\u01a1 s\u1edf v\u1eadt ch\u1ea5t, ch\u00fang t\u00f4i mong s\u1ebd tr\u1edf th\u00e0nh ng\u01b0\u1eddi b\u1ea1n \u0111\u1ed3ng h\u00e0nh v\u1edbi qu\u00fd kh\u00e1ch h\u00e0ng trong hi\u1ec7n t\u1ea1i v\u00e0 t\u01b0\u01a1ng lai.<\/p>\n\n\n\n<div style=\"height:var(--wp--preset--spacing--10)\" aria-hidden=\"true\" class=\"wp-block-spacer\"><\/div>\n\n\n\n<div class=\"wp-block-group is-vertical is-content-justification-center is-nowrap is-layout-flex wp-container-core-group-is-layout-2dc08cea wp-block-group-is-layout-flex\">\n<figure class=\"wp-block-image aligncenter size-full is-resized has-custom-border\"><img loading=\"lazy\" decoding=\"async\" width=\"512\" height=\"512\" src=\"https:\/\/somigroup.vn\/wp-content\/uploads\/2025\/12\/Icon-SomiI-Group-150px.png\" alt=\"\" class=\"wp-image-73\" style=\"border-radius:100px;aspect-ratio:1;object-fit:cover;width:60px\"\/><\/figure>\n\n\n\n<p class=\"has-text-align-center\" style=\"margin-top:var(--wp--preset--spacing--10);margin-bottom:0\">Ms. <strong>Anh Nguyet<\/strong><\/p>\n\n\n\n<p class=\"has-text-align-center has-contrast-2-color has-text-color has-small-font-size\" style=\"font-style:normal;font-weight:300\">CEO, SOMI Group<\/p>\n<\/div>\n<\/div>\n<\/div>\n\n\n\n<p><\/p>\n","protected":false},"excerpt":{"rendered":"<p>Gi\u1edbi thi\u1ec7u Visual Identiy (About SOMI Group). Bi\u1ec3u t\u01b0\u1ee3ng th\u01b0\u01a1ng hi\u1ec7u (The Logo)Logo \u0111\u01b0\u1ee3c thi\u1ebft k\u1ebf v\u1edbi m\u00f4 t\u00edp g\u1eafn k\u1ebft 2 Type ch\u1eef S &amp; M &#8220;Song Minh&#8221;, \u0111\u1eb7t t\u00ean th\u01b0\u01a1ng hi\u1ec7u SOMI Group. T\u1ea1o li\u00ean k\u1ebft li\u00ean t\u1ee5c, c\u00f3 ngh\u0129a b\u01b0\u1edbc \u0111\u1ea7u ti\u00ean ph\u00e1t tri\u1ec3n ho\u1ea1t \u0111\u1ed9ng d\u1ecbch v\u1ee5 &#8220;Service with Purpose&#8221;, c\u00e2u [&hellip;]<\/p>\n","protected":false},"author":1,"featured_media":0,"parent":0,"menu_order":5,"comment_status":"closed","ping_status":"closed","template":"","meta":{"footnotes":""},"class_list":["post-40","page","type-page","status-publish","hentry"],"_links":{"self":[{"href":"https:\/\/somigroup.vn\/index.php?rest_route=\/wp\/v2\/pages\/40","targetHints":{"allow":["GET"]}}],"collection":[{"href":"https:\/\/somigroup.vn\/index.php?rest_route=\/wp\/v2\/pages"}],"about":[{"href":"https:\/\/somigroup.vn\/index.php?rest_route=\/wp\/v2\/types\/page"}],"author":[{"embeddable":true,"href":"https:\/\/somigroup.vn\/index.php?rest_route=\/wp\/v2\/users\/1"}],"replies":[{"embeddable":true,"href":"https:\/\/somigroup.vn\/index.php?rest_route=%2Fwp%2Fv2%2Fcomments&post=40"}],"version-history":[{"count":18,"href":"https:\/\/somigroup.vn\/index.php?rest_route=\/wp\/v2\/pages\/40\/revisions"}],"predecessor-version":[{"id":477,"href":"https:\/\/somigroup.vn\/index.php?rest_route=\/wp\/v2\/pages\/40\/revisions\/477"}],"wp:attachment":[{"href":"https:\/\/somigroup.vn\/index.php?rest_route=%2Fwp%2Fv2%2Fmedia&parent=40"}],"curies":[{"name":"wp","href":"https:\/\/api.w.org\/{rel}","templated":true}]}}