{"id":37,"date":"2025-12-19T09:17:32","date_gmt":"2025-12-19T09:17:32","guid":{"rendered":"https:\/\/somigroup.vn\/?page_id=37"},"modified":"2025-12-31T12:11:31","modified_gmt":"2025-12-31T12:11:31","slug":"lien-he","status":"publish","type":"page","link":"https:\/\/somigroup.vn\/?page_id=37","title":{"rendered":"Li\u00ean h\u1ec7"},"content":{"rendered":"\n<div class=\"wp-block-group alignfull has-accent-background-color has-background has-global-padding is-layout-constrained wp-container-core-group-is-layout-545e5038 wp-block-group-is-layout-constrained\" style=\"margin-top:0;margin-bottom:0;padding-top:var(--wp--preset--spacing--30);padding-right:0;padding-bottom:var(--wp--preset--spacing--30);padding-left:0\">\n<div class=\"wp-block-columns alignwide is-layout-flex wp-container-core-columns-is-layout-28f84493 wp-block-columns-is-layout-flex\">\n<div class=\"wp-block-column is-layout-flow wp-block-column-is-layout-flow\" style=\"flex-basis:40%\">\n<p class=\"wp-container-content-0733e5d0\">Gallery \u2014 Overview<\/p>\n<\/div>\n\n\n\n<div class=\"wp-block-column is-layout-flow wp-block-column-is-layout-flow\" style=\"flex-basis:60%\">\n<p class=\"has-text-align-left has-utm-avo-font-family has-x-large-font-size\" style=\"line-height:1.2\"><strong>TR\u1ee4 S\u1ede &#8211; V\u0102N PH\u00d2NG<\/strong><\/p>\n\n\n\n<p class=\"has-text-align-left\">C\u00d4NG TY TNHH TH\u01af\u01a0NG M\u1ea0I V\u00c0 D\u1ecaCH V\u1ee4 SOMI GROUP<\/p>\n<\/div>\n<\/div>\n<\/div>\n\n\n\n<div class=\"wp-block-cover alignfull is-light has-parallax\" style=\"padding-top:var(--wp--preset--spacing--50);padding-right:var(--wp--preset--spacing--50);padding-bottom:var(--wp--preset--spacing--50);padding-left:var(--wp--preset--spacing--50);min-height:100vh;aspect-ratio:unset;\"><div class=\"wp-block-cover__image-background wp-image-145 size-full has-parallax\" style=\"background-position:50% 50%;background-image:url(https:\/\/somigroup.vn\/wp-content\/uploads\/2025\/12\/Somi-group-Landmark-81-Apartment-services.jpg)\"><\/div><span aria-hidden=\"true\" class=\"wp-block-cover__background has-base-background-color has-background-dim-0 has-background-dim\"><\/span><div class=\"wp-block-cover__inner-container has-global-padding is-layout-constrained wp-container-core-cover-is-layout-e4fd886c wp-block-cover-is-layout-constrained\">\n<div style=\"height:15px\" aria-hidden=\"true\" class=\"wp-block-spacer\"><\/div>\n\n\n\n<h2 class=\"wp-block-heading alignwide has-text-align-center has-base-color has-text-color has-link-color has-large-font-size wp-elements-62b4884200273f2a5e9da4b8f57922bd\"><strong>PH\u00c1T TRI\u1ec2N<br>TH\u01af\u01a0NG M\u1ea0I &amp; D\u1ecaCH V\u1ee4<br>SONG MINH GROUP<\/strong><\/h2>\n<\/div><\/div>\n\n\n\n<div class=\"wp-block-group alignfull has-accent-background-color has-background has-global-padding is-layout-constrained wp-container-core-group-is-layout-72190d31 wp-block-group-is-layout-constrained\" style=\"margin-top:0;margin-bottom:0;padding-top:0;padding-right:0;padding-bottom:0;padding-left:0\">\n<div class=\"wp-block-group alignwide is-layout-flow wp-block-group-is-layout-flow\">\n<div style=\"height:15px\" aria-hidden=\"true\" class=\"wp-block-spacer\"><\/div>\n\n\n\n<div style=\"margin-top:var(--wp--preset--spacing--20);margin-bottom:var(--wp--preset--spacing--20);height:34px\" aria-hidden=\"true\" class=\"wp-block-spacer\"><\/div>\n<\/div>\n<\/div>\n\n\n\n<div class=\"wp-block-group alignwide has-base-2-color has-text-color has-link-color wp-elements-86cc0230ffe1cfec0c5f7b2c8b008e1d has-global-padding is-content-justification-center is-layout-constrained wp-container-core-group-is-layout-9baeff5e wp-block-group-is-layout-constrained\" style=\"margin-top:0;margin-bottom:0;padding-top:0;padding-right:0;padding-bottom:0;padding-left:0\">\n<div class=\"wp-block-columns alignwide is-layout-flex wp-container-core-columns-is-layout-8eb77903 wp-block-columns-is-layout-flex\" style=\"margin-top:0;margin-bottom:0\">\n<div class=\"wp-block-column has-global-padding is-layout-constrained wp-block-column-is-layout-constrained\" style=\"flex-basis:30%\">\n<figure class=\"wp-block-image alignfull size-full is-style-default wp-duotone-unset-1\" style=\"margin-top:0;margin-right:0;margin-bottom:0;margin-left:0\"><img loading=\"lazy\" decoding=\"async\" width=\"601\" height=\"183\" src=\"https:\/\/somigroup.vn\/wp-content\/uploads\/2025\/12\/ID-SOMI-Group.png\" alt=\"\" class=\"wp-image-218\"\/><\/figure>\n<\/div>\n\n\n\n<div class=\"wp-block-column is-layout-flow wp-block-column-is-layout-flow\" style=\"flex-basis:50%\">\n<div class=\"wp-block-group has-global-padding is-layout-constrained wp-block-group-is-layout-constrained\">\n<p class=\"has-contrast-color has-text-color has-link-color has-medium-font-size wp-elements-7b7c76274940378c99727e429a14ee47\" style=\"font-style:normal;font-weight:500;line-height:1.2\"><strong>Song Minh Group Trading and<br>Service Development SJC.<\/strong><br><strong>Tel.<\/strong> +(84) 981 72 18 72<br>info@somigroup.vn<br><\/p>\n<\/div>\n<\/div>\n\n\n\n<div class=\"wp-block-column has-accent-color has-text-color has-link-color wp-elements-7c67d327bc87852112aa1785141d3147 has-global-padding is-layout-constrained wp-block-column-is-layout-constrained\" style=\"flex-basis:40%\">\n<div class=\"wp-block-group has-global-padding is-layout-constrained wp-block-group-is-layout-constrained\">\n<p class=\"has-contrast-color has-text-color has-link-color has-medium-font-size wp-elements-12ac2fe6e5574fea817bfaf1ce088698\" style=\"font-style:normal;font-weight:500;line-height:1.2\">Office. <strong>Landmark 81<\/strong>,<br>208 Nguyen Huu Canh St., Thanh My Tay Ward, HCMC &#8211; Vietnam.<br><strong>www.somigroup.vn<br><\/strong><\/p>\n<\/div>\n<\/div>\n<\/div>\n<\/div>\n\n\n\n<p><\/p>\n","protected":false},"excerpt":{"rendered":"<p>Gallery \u2014 Overview TR\u1ee4 S\u1ede &#8211; V\u0102N PH\u00d2NG C\u00d4NG TY TNHH TH\u01af\u01a0NG M\u1ea0I V\u00c0 D\u1ecaCH V\u1ee4 SOMI GROUP Song Minh Group Trading andService Development SJC.Tel. +(84) 981 72 18 72info@somigroup.vn Office. Landmark 81,208 Nguyen Huu Canh St., Thanh My Tay Ward, HCMC &#8211; Vietnam.www.somigroup.vn<\/p>\n","protected":false},"author":1,"featured_media":0,"parent":0,"menu_order":6,"comment_status":"closed","ping_status":"closed","template":"","meta":{"footnotes":""},"class_list":["post-37","page","type-page","status-publish","hentry"],"_links":{"self":[{"href":"https:\/\/somigroup.vn\/index.php?rest_route=\/wp\/v2\/pages\/37","targetHints":{"allow":["GET"]}}],"collection":[{"href":"https:\/\/somigroup.vn\/index.php?rest_route=\/wp\/v2\/pages"}],"about":[{"href":"https:\/\/somigroup.vn\/index.php?rest_route=\/wp\/v2\/types\/page"}],"author":[{"embeddable":true,"href":"https:\/\/somigroup.vn\/index.php?rest_route=\/wp\/v2\/users\/1"}],"replies":[{"embeddable":true,"href":"https:\/\/somigroup.vn\/index.php?rest_route=%2Fwp%2Fv2%2Fcomments&post=37"}],"version-history":[{"count":20,"href":"https:\/\/somigroup.vn\/index.php?rest_route=\/wp\/v2\/pages\/37\/revisions"}],"predecessor-version":[{"id":269,"href":"https:\/\/somigroup.vn\/index.php?rest_route=\/wp\/v2\/pages\/37\/revisions\/269"}],"wp:attachment":[{"href":"https:\/\/somigroup.vn\/index.php?rest_route=%2Fwp%2Fv2%2Fmedia&parent=37"}],"curies":[{"name":"wp","href":"https:\/\/api.w.org\/{rel}","templated":true}]}}