{"id":35,"date":"2025-12-19T09:16:32","date_gmt":"2025-12-19T09:16:32","guid":{"rendered":"https:\/\/somigroup.vn\/?page_id=35"},"modified":"2025-12-31T12:11:06","modified_gmt":"2025-12-31T12:11:06","slug":"khach-hang","status":"publish","type":"page","link":"https:\/\/somigroup.vn\/?page_id=35","title":{"rendered":"Kh\u00e1ch h\u00e0ng"},"content":{"rendered":"\n<div class=\"wp-block-group alignfull has-global-padding is-layout-constrained wp-container-core-group-is-layout-669513ed wp-block-group-is-layout-constrained\" style=\"margin-top:0;margin-bottom:0;padding-top:var(--wp--preset--spacing--50);padding-right:var(--wp--preset--spacing--50);padding-bottom:var(--wp--preset--spacing--50);padding-left:var(--wp--preset--spacing--50)\">\n<div class=\"wp-block-group is-vertical is-content-justification-center is-layout-flex wp-container-core-group-is-layout-ce155fab wp-block-group-is-layout-flex\">\n<h2 class=\"wp-block-heading has-text-align-center has-xx-large-font-size\">Customers &amp; Partners<\/h2>\n\n\n\n<p class=\"has-text-align-center\">Trong l\u0129nh v\u1ef1c ph\u00e1t tri\u1ec3n v\u00e0 d\u1ecbch v\u1ee5, ch\u00fang t\u00f4i lu\u00f4n s\u1eb5n s\u00e0ng ti\u1ebfn v\u1ec1 ph\u00eda tr\u01b0\u1edbc. C\u00e1c \u0111\u1ed1i t\u00e1c v\u00e0 kh\u00e1ch h\u00e0ng s\u1ebd th\u1ea5y \u0111\u01b0\u1ee3c l\u1ee3i \u00edch khi h\u1ee3p t\u00e1c v\u1edbi ch\u00fang t\u00f4i th\u00f4ng qua s\u1ef1 ph\u1ed1i h\u1ee3p l\u00e0m vi\u1ec7c v\u00e0 chia s\u1ebb kinh nghi\u1ec7m.<\/p>\n<\/div>\n\n\n\n<div style=\"height:var(--wp--preset--spacing--30)\" aria-hidden=\"true\" class=\"wp-block-spacer\"><\/div>\n\n\n\n<div class=\"wp-block-columns alignwide is-layout-flex wp-container-core-columns-is-layout-4935966c wp-block-columns-is-layout-flex\" style=\"padding-right:0;padding-left:0\">\n<div class=\"wp-block-column is-layout-flow wp-block-column-is-layout-flow\">\n<figure class=\"wp-block-image size-full is-style-rounded is-style-rounded--1\"><img loading=\"lazy\" decoding=\"async\" width=\"2504\" height=\"2504\" src=\"https:\/\/somigroup.vn\/wp-content\/uploads\/2025\/12\/SOMI-Group.png\" alt=\"\" class=\"wp-image-80\" style=\"aspect-ratio:1;object-fit:cover\"\/><\/figure>\n\n\n\n<div class=\"wp-block-group is-vertical is-content-justification-center is-nowrap is-layout-flex wp-container-core-group-is-layout-21d4e958 wp-block-group-is-layout-flex\">\n<p class=\"has-text-align-center has-small-font-size\"><strong>COMPANY<\/strong><\/p>\n\n\n\n<p class=\"has-text-align-center has-small-font-size\">C\u00f4ng ty TNHH<\/p>\n<\/div>\n<\/div>\n\n\n\n<div class=\"wp-block-column is-layout-flow wp-block-column-is-layout-flow\">\n<figure class=\"wp-block-image size-full is-style-rounded is-style-rounded--2\"><img loading=\"lazy\" decoding=\"async\" width=\"2504\" height=\"2504\" src=\"https:\/\/somigroup.vn\/wp-content\/uploads\/2025\/12\/SOMI-Group_Version-01.jpg\" alt=\"\" class=\"wp-image-95\" style=\"aspect-ratio:1;object-fit:cover\"\/><\/figure>\n\n\n\n<div class=\"wp-block-group is-vertical is-content-justification-center is-nowrap is-layout-flex wp-container-core-group-is-layout-63bfd6c1 wp-block-group-is-layout-flex\">\n<p class=\"has-text-align-center has-small-font-size\"><strong>COMPANY<\/strong><\/p>\n\n\n\n<p class=\"has-text-align-center has-small-font-size\">Hotel<\/p>\n<\/div>\n<\/div>\n\n\n\n<div class=\"wp-block-column is-layout-flow wp-block-column-is-layout-flow\">\n<figure class=\"wp-block-image size-full is-style-rounded is-style-rounded--3\"><img loading=\"lazy\" decoding=\"async\" width=\"2504\" height=\"2504\" src=\"https:\/\/somigroup.vn\/wp-content\/uploads\/2025\/12\/SOMI-Group.png\" alt=\"\" class=\"wp-image-80\" style=\"aspect-ratio:1;object-fit:cover\"\/><\/figure>\n\n\n\n<div class=\"wp-block-group is-vertical is-content-justification-center is-nowrap is-layout-flex wp-container-core-group-is-layout-63bfd6c1 wp-block-group-is-layout-flex\">\n<p class=\"has-text-align-center has-small-font-size\"><strong>COMPANY<\/strong><\/p>\n\n\n\n<p class=\"has-text-align-center has-small-font-size\">Spa<\/p>\n<\/div>\n<\/div>\n\n\n\n<div class=\"wp-block-column is-layout-flow wp-block-column-is-layout-flow\">\n<figure class=\"wp-block-image size-full is-style-rounded is-style-rounded--4\"><img loading=\"lazy\" decoding=\"async\" width=\"2504\" height=\"2504\" src=\"https:\/\/somigroup.vn\/wp-content\/uploads\/2025\/12\/SOMI-Group_Version-01.jpg\" alt=\"\" class=\"wp-image-95\" style=\"aspect-ratio:1;object-fit:cover\"\/><\/figure>\n\n\n\n<div class=\"wp-block-group is-vertical is-content-justification-center is-nowrap is-layout-flex wp-container-core-group-is-layout-21d4e958 wp-block-group-is-layout-flex\">\n<p class=\"has-text-align-center has-small-font-size\"><strong>COMPANY<\/strong><\/p>\n\n\n\n<p class=\"has-text-align-center has-small-font-size\">Businesses<\/p>\n<\/div>\n<\/div>\n<\/div>\n<\/div>\n\n\n\n<div class=\"wp-block-group alignfull has-global-padding is-layout-constrained wp-container-core-group-is-layout-d89aad35 wp-block-group-is-layout-constrained\" style=\"margin-top:0;margin-bottom:0;padding-top:var(--wp--preset--spacing--50);padding-right:var(--wp--preset--spacing--50);padding-bottom:var(--wp--preset--spacing--50);padding-left:var(--wp--preset--spacing--50)\">\n<div class=\"wp-block-columns alignwide are-vertically-aligned-center is-layout-flex wp-container-core-columns-is-layout-47c06fe3 wp-block-columns-is-layout-flex\">\n<div class=\"wp-block-column is-vertically-aligned-center is-layout-flow wp-block-column-is-layout-flow\" style=\"flex-basis:50%\">\n<h2 class=\"wp-block-heading\">H\u00e0nh tr\u00ecnh x\u00e2y d\u1ef1ng t\u1ea7m nh\u00ecn v\u00e0 s\u1ee9 m\u1ec7nh c\u00f9ng v\u1edbi kh\u00e1ch h\u00e0ng, \u0111\u1ed1i t\u00e1c v\u00e0 \u0111\u1ed9i ng\u0169 SOMI Group.<\/h2>\n\n\n\n<ul style=\"line-height:1.75\" class=\"wp-block-list is-style-checkmark-list\">\n<li>Kh\u00e1ch h\u00e0ng \u2013 \u0110\u1ed9i ng\u0169 l\u00e0 t\u00e0i s\u1ea3n qu\u00fd gi\u00e1 nh\u1ea5t.<\/li>\n\n\n\n<li>T\u00f4n Tr\u1ecdng \u2013 Ch\u00e2n Th\u00e0nh \u2013 T\u00edn Th\u00e1c.<\/li>\n\n\n\n<li>T\u00f4n tr\u1ecdng ph\u00e1t tri\u1ec3n \u2013 Song H\u00e0nh &amp; Chia s\u1ebb.<\/li>\n\n\n\n<li>T\u1ef1 tin \u2013\u00a0Chia s\u1ebb \u2013 T\u1eadn h\u01b0\u1edfng cu\u1ed9c s\u1ed1ng.<\/li>\n<\/ul>\n\n\n\n<div class=\"wp-block-buttons is-layout-flex wp-block-buttons-is-layout-flex\">\n<div class=\"wp-block-button\"><a class=\"wp-block-button__link wp-element-button\"><strong>Profile<\/strong><\/a><\/div>\n\n\n\n<div class=\"wp-block-button is-style-outline is-style-outline--5\"><a class=\"wp-block-button__link wp-element-button\">How it works<\/a><\/div>\n<\/div>\n<\/div>\n\n\n\n<div class=\"wp-block-column is-vertically-aligned-center is-layout-flow wp-block-column-is-layout-flow\" style=\"flex-basis:50%\">\n<figure class=\"wp-block-image size-full is-style-rounded is-style-rounded--6\"><img loading=\"lazy\" decoding=\"async\" width=\"2504\" height=\"2504\" src=\"https:\/\/somigroup.vn\/wp-content\/uploads\/2025\/12\/SOMI-Group.png\" alt=\"\" class=\"wp-image-80\" style=\"aspect-ratio:4\/3;object-fit:cover\"\/><\/figure>\n<\/div>\n<\/div>\n<\/div>\n\n\n\n<p><\/p>\n","protected":false},"excerpt":{"rendered":"<p>Customers &amp; Partners Trong l\u0129nh v\u1ef1c ph\u00e1t tri\u1ec3n v\u00e0 d\u1ecbch v\u1ee5, ch\u00fang t\u00f4i lu\u00f4n s\u1eb5n s\u00e0ng ti\u1ebfn v\u1ec1 ph\u00eda tr\u01b0\u1edbc. C\u00e1c \u0111\u1ed1i t\u00e1c v\u00e0 kh\u00e1ch h\u00e0ng s\u1ebd th\u1ea5y \u0111\u01b0\u1ee3c l\u1ee3i \u00edch khi h\u1ee3p t\u00e1c v\u1edbi ch\u00fang t\u00f4i th\u00f4ng qua s\u1ef1 ph\u1ed1i h\u1ee3p l\u00e0m vi\u1ec7c v\u00e0 chia s\u1ebb kinh nghi\u1ec7m. COMPANY C\u00f4ng ty TNHH COMPANY Hotel [&hellip;]<\/p>\n","protected":false},"author":1,"featured_media":0,"parent":0,"menu_order":4,"comment_status":"closed","ping_status":"closed","template":"","meta":{"footnotes":""},"class_list":["post-35","page","type-page","status-publish","hentry"],"_links":{"self":[{"href":"https:\/\/somigroup.vn\/index.php?rest_route=\/wp\/v2\/pages\/35","targetHints":{"allow":["GET"]}}],"collection":[{"href":"https:\/\/somigroup.vn\/index.php?rest_route=\/wp\/v2\/pages"}],"about":[{"href":"https:\/\/somigroup.vn\/index.php?rest_route=\/wp\/v2\/types\/page"}],"author":[{"embeddable":true,"href":"https:\/\/somigroup.vn\/index.php?rest_route=\/wp\/v2\/users\/1"}],"replies":[{"embeddable":true,"href":"https:\/\/somigroup.vn\/index.php?rest_route=%2Fwp%2Fv2%2Fcomments&post=35"}],"version-history":[{"count":4,"href":"https:\/\/somigroup.vn\/index.php?rest_route=\/wp\/v2\/pages\/35\/revisions"}],"predecessor-version":[{"id":200,"href":"https:\/\/somigroup.vn\/index.php?rest_route=\/wp\/v2\/pages\/35\/revisions\/200"}],"wp:attachment":[{"href":"https:\/\/somigroup.vn\/index.php?rest_route=%2Fwp%2Fv2%2Fmedia&parent=35"}],"curies":[{"name":"wp","href":"https:\/\/api.w.org\/{rel}","templated":true}]}}