{"id":316,"date":"2025-12-31T12:58:07","date_gmt":"2025-12-31T12:58:07","guid":{"rendered":"https:\/\/somigroup.vn\/?page_id=316"},"modified":"2026-01-03T07:46:30","modified_gmt":"2026-01-03T07:46:30","slug":"somi-clean","status":"publish","type":"page","link":"https:\/\/somigroup.vn\/?page_id=316","title":{"rendered":"Somi Luxstay"},"content":{"rendered":"\n<div class=\"wp-block-group alignfull has-global-padding is-layout-constrained wp-container-core-group-is-layout-490fa1db wp-block-group-is-layout-constrained\" style=\"padding-top:var(--wp--preset--spacing--50);padding-right:var(--wp--preset--spacing--50);padding-bottom:var(--wp--preset--spacing--50);padding-left:var(--wp--preset--spacing--50)\">\n<div class=\"wp-block-group has-global-padding is-layout-constrained wp-container-core-group-is-layout-650790e1 wp-block-group-is-layout-constrained\">\n<h1 class=\"wp-block-heading has-text-align-center has-x-large-font-size\"><strong>C\u0102N H\u1ed8 D\u1ecaCH V\u1ee4 <br><\/strong><\/h1>\n\n\n\n<p class=\"has-text-align-center\">Somi Luxstay l\u00e0 s\u1ea3n ph\u1ea9m thu\u1ed9c Somi Group. Ph\u00e1t tri\u1ec3n trong l\u0129nh v\u1ef1c C\u0103n h\u1ed9 D\u1ecbch v\u1ee5 &#8211; D\u1ecbch v\u1ee5 c\u0103n h\u1ed9 l\u01b0u tr\u00fa v\u00e0 cho thu\u00ea cao c\u1ea5p t\u1ea1i Landmark 81 v\u00e0 c\u00e1c c\u0103n h\u1ed9 t\u1ea1i khu Vinhomes Central Park.<\/p>\n\n\n\n<p class=\"has-text-align-center\"><\/p>\n\n\n\n<div style=\"height:1.25rem\" aria-hidden=\"true\" class=\"wp-block-spacer\"><\/div>\n\n\n\n<div class=\"wp-block-buttons is-content-justification-center is-layout-flex wp-container-core-buttons-is-layout-a89b3969 wp-block-buttons-is-layout-flex\">\n<div class=\"wp-block-button\"><a class=\"wp-block-button__link wp-element-button\" href=\"https:\/\/somiluxstay.com\/\" target=\"_blank\" rel=\"noreferrer noopener\">Somiluxstay service<\/a><\/div>\n<\/div>\n<\/div>\n\n\n\n<div style=\"height:var(--wp--preset--spacing--30)\" aria-hidden=\"true\" class=\"wp-block-spacer\"><\/div>\n\n\n\n<figure class=\"wp-block-image alignwide size-full is-style-rounded is-style-rounded--1\"><img loading=\"lazy\" decoding=\"async\" width=\"3241\" height=\"2155\" src=\"https:\/\/somigroup.vn\/wp-content\/uploads\/2025\/12\/SML-lanmark-81.jpg\" alt=\"\" class=\"wp-image-143\"\/><\/figure>\n<\/div>\n\n\n\n<div class=\"wp-block-group alignfull has-accent-color has-contrast-background-color has-text-color has-background has-link-color wp-elements-3aefe4e18ca7bcc43a94865f0e116212 has-global-padding is-layout-constrained wp-container-core-group-is-layout-669513ed wp-block-group-is-layout-constrained\" style=\"margin-top:0;margin-bottom:0;padding-top:var(--wp--preset--spacing--50);padding-right:var(--wp--preset--spacing--50);padding-bottom:var(--wp--preset--spacing--50);padding-left:var(--wp--preset--spacing--50)\">\n<div class=\"wp-block-group is-vertical is-content-justification-center is-layout-flex wp-container-core-group-is-layout-52b864f0 wp-block-group-is-layout-flex\">\n<p class=\"has-text-align-center has-large-font-size\"><strong>Ch\u00e0o \u0111\u00f3n b\u1ea1n t\u1ea1i Somi Luxstay!&nbsp;<\/strong><\/p>\n\n\n\n<p class=\"has-text-align-center\"><\/p>\n\n\n\n<div style=\"height:0px\" aria-hidden=\"true\" class=\"wp-block-spacer wp-container-content-4f2ccadb\"><\/div>\n\n\n\n<p class=\"has-text-align-center\">&#8221; Tr\u1ea3i nghi\u1ec7m kh\u00f4ng gian s\u1ed1ng sang tr\u1ecdng, mang \u0111\u1ebfn s\u1ef1 tr\u1ea3i nghi\u1ec7m v\u1ec1 c\u0103n h\u1ed9 d\u1ecbch v\u1ee5 ti\u1ec7n nghi cao c\u1ea5p &#8220;<\/p>\n<\/div>\n\n\n\n<div style=\"margin-top:0;margin-bottom:0;height:var(--wp--preset--spacing--40)\" aria-hidden=\"true\" class=\"wp-block-spacer\"><\/div>\n\n\n\n<div class=\"wp-block-columns alignwide is-layout-flex wp-container-core-columns-is-layout-d0bbbce0 wp-block-columns-is-layout-flex\">\n<div class=\"wp-block-column is-layout-flow wp-container-core-column-is-layout-e3d1c41b wp-block-column-is-layout-flow\">\n<p class=\"has-text-align-left has-x-large-font-size\">200+<\/p>\n\n\n\n<p class=\"has-text-align-left\"><strong>C\u0103n h\u1ed9 d\u1ecbch v\u1ee5 cho thu\u00ea<\/strong><\/p>\n<\/div>\n\n\n\n<div class=\"wp-block-column is-layout-flow wp-container-core-column-is-layout-e3d1c41b wp-block-column-is-layout-flow\">\n<p class=\"has-text-align-left has-x-large-font-size\">No.1<\/p>\n\n\n\n<p class=\"has-text-align-left\"><strong>V\u1ec1 s\u1ed1 l\u01b0\u1ee3ng v\u00e0 ch\u1ea5t l\u01b0\u1ee3ng<\/strong><\/p>\n<\/div>\n\n\n\n<div class=\"wp-block-column is-layout-flow wp-container-core-column-is-layout-e3d1c41b wp-block-column-is-layout-flow\">\n<p class=\"has-text-align-left has-x-large-font-size\">15<\/p>\n\n\n\n<p class=\"has-text-align-left\"><strong>Nh\u00e2n s\u1ef1 chuy\u00ean tr\u00e1ch<\/strong><\/p>\n<\/div>\n<\/div>\n<\/div>\n\n\n\n<div class=\"wp-block-group alignfull has-global-padding is-layout-constrained wp-container-core-group-is-layout-d89aad35 wp-block-group-is-layout-constrained\" style=\"margin-top:0;margin-bottom:0;padding-top:var(--wp--preset--spacing--50);padding-right:var(--wp--preset--spacing--50);padding-bottom:var(--wp--preset--spacing--50);padding-left:var(--wp--preset--spacing--50)\">\n<div class=\"wp-block-group alignwide has-global-padding is-layout-constrained wp-container-core-group-is-layout-19e250f3 wp-block-group-is-layout-constrained\">\n<div class=\"wp-block-group is-vertical is-content-justification-center is-layout-flex wp-container-core-group-is-layout-6329a8f3 wp-block-group-is-layout-flex\">\n<p class=\"has-text-align-center has-large-font-size\"><strong>N\u01a1i t\u1ed1t nh\u1ea5t t\u1ea1i Th\u00e0nh ph\u1ed1 HCM <\/strong><\/p>\n\n\n\n<p class=\"has-text-align-center\">C\u00e1c c\u0103n h\u1ed9 c\u1ee7a Somi Luxstay n\u1eb1m trong khu\u00f4n vi\u00ean Vinhomes Central Park \u2013 Khu c\u0103n h\u1ed9 cao c\u1ea5p c\u00f9ng c\u00f4ng vi\u00ean l\u1edbn nh\u1ea5t Vi\u1ec7t Nam, \u0111\u01b0\u1ee3c thi\u1ebft k\u1ebf theo phong c\u00e1ch c\u1ee7a Central Park New York n\u1ed5i ti\u1ebfng th\u1ebf gi\u1edbi.<\/p>\n<\/div>\n\n\n\n<div style=\"height:var(--wp--preset--spacing--40)\" aria-hidden=\"true\" class=\"wp-block-spacer\"><\/div>\n\n\n\n<div class=\"wp-block-columns alignwide is-layout-flex wp-container-core-columns-is-layout-d1c656ed wp-block-columns-is-layout-flex\">\n<div class=\"wp-block-column is-vertically-aligned-center is-layout-flow wp-block-column-is-layout-flow\" style=\"flex-basis:40%\">\n<p class=\"has-large-font-size\">Ti\u1ec7n \u00edch khu c\u0103n h\u1ed9 l\u01b0u tr\u00fa v\u00e0 cho thu\u00ea.<\/p>\n\n\n\n<ul style=\"line-height:1.75\" class=\"wp-block-list is-style-checkmark-list\">\n<li>C\u00e1c c\u0103n h\u1ed9 kh\u00e1ch s\u1ea1n sang tr\u1ecdng h\u1ea1ng ti\u00eau chu\u1ea9n v\u00e0 cao c\u1ea5p<\/li>\n\n\n\n<li>N\u1ed9i th\u1ea5t c\u00e1c c\u0103n h\u1ed9 sang tr\u1ecdng, \u0111\u1ea7y \u0111\u1ee7, ti\u1ec7n nghi.<\/li>\n\n\n\n<li>D\u1ecbch v\u1ee5 h\u1ed3 b\u01a1i t\u1ea1i t\u00f2a nh\u00e0<\/li>\n\n\n\n<li>C\u00f4ng vi\u00ean l\u1edbn ven s\u00f4ng S\u00e0i G\u00f2n v\u1edbi b\u1ebfn du thuy\u1ec1n 5 sao, Spa, h\u1ec7 th\u1ed1ng ph\u00f2ng Gym, Si\u00eau th\u1ecb, Lounge\u2026<\/li>\n\n\n\n<li>Di chuy\u1ec3n \u0111\u1ebfn s\u00e2n bay m\u1ea5t 20 ph\u00fat<\/li>\n\n\n\n<li>T\u1ea7ng h\u1ea7m gi\u1eef xe (bao g\u1ed3m t\u1ea7ng h\u1ea7m xe m\u00e1y B1, \u00f4 t\u00f4 B2, B3).<\/li>\n<\/ul>\n<\/div>\n\n\n\n<div class=\"wp-block-column is-layout-flow wp-block-column-is-layout-flow\" style=\"flex-basis:50%\">\n<figure class=\"wp-block-image size-full is-style-rounded is-style-rounded--2\"><img loading=\"lazy\" decoding=\"async\" width=\"2504\" height=\"2504\" src=\"https:\/\/somigroup.vn\/wp-content\/uploads\/2025\/12\/Somi-Luxstay.png\" alt=\"\" class=\"wp-image-94\"\/><\/figure>\n<\/div>\n<\/div>\n\n\n\n<div style=\"height:var(--wp--preset--spacing--40)\" aria-hidden=\"true\" class=\"wp-block-spacer\"><\/div>\n\n\n\n<div class=\"wp-block-columns alignwide is-layout-flex wp-container-core-columns-is-layout-d1c656ed wp-block-columns-is-layout-flex\">\n<div class=\"wp-block-column is-layout-flow wp-block-column-is-layout-flow\" style=\"flex-basis:50%\">\n<figure class=\"wp-block-image size-full is-style-rounded is-style-rounded--3\"><img loading=\"lazy\" decoding=\"async\" width=\"3241\" height=\"1551\" src=\"https:\/\/somigroup.vn\/wp-content\/uploads\/2025\/12\/Somi-group-apartment-services.jpg\" alt=\"\" class=\"wp-image-321\" style=\"aspect-ratio:4\/3;object-fit:cover\"\/><\/figure>\n<\/div>\n\n\n\n<div class=\"wp-block-column is-vertically-aligned-center is-layout-flow wp-block-column-is-layout-flow\" style=\"flex-basis:40%\">\n<p class=\"has-large-font-size\">C\u0103n h\u1ed9 kh\u00f4ng gian sang tr\u1ecdng v\u00e0 cao c\u1ea5p.<\/p>\n\n\n\n<p><strong>C\u0103n h\u1ed9 ti\u00eau chu\u1ea9n<\/strong><\/p>\n\n\n\n<ul class=\"wp-block-list\">\n<li>Ph\u00f2ng ti\u00eau chu\u1ea9n, r\u1ed9ng \u0111\u1ebfn 250 m2 v\u1edbi c\u00e1c trang thi\u1ebft b\u1ecb t\u1ed1i t\u00e2n, g\u1ea7n b\u1ec3 b\u01a1i ngo\u00e0i tr\u1eddi, view quang c\u1ea3nh th\u00e0nh ph\u1ed1.<\/li>\n<\/ul>\n\n\n\n<p><strong>C\u0103n h\u1ed9 cao c\u1ea5p<\/strong><\/p>\n\n\n\n<ul class=\"wp-block-list\">\n<li>C\u0103n h\u1ed9 \u0111\u01b0\u1ee3c n\u00e2ng c\u1ea5p l\u00ean v\u1edbi \u0111\u1ec7m gi\u01b0\u1eddng cao c\u1ea5p, t\u0103ng di\u1ec7n t\u00edch ph\u00f2ng, v\u00e0 c\u00e1c lo\u1ea1i n\u01b0\u1edbc u\u1ed1ng mi\u1ec5n ph\u00ed.<\/li>\n<\/ul>\n<\/div>\n<\/div>\n<\/div>\n<\/div>\n\n\n\n<div class=\"wp-block-group alignfull has-base-color has-contrast-background-color has-text-color has-background has-global-padding is-layout-constrained wp-container-core-group-is-layout-ef3d885c wp-block-group-is-layout-constrained\" style=\"margin-top:0;margin-bottom:0;padding-top:var(--wp--preset--spacing--60);padding-right:var(--wp--preset--spacing--60);padding-bottom:var(--wp--preset--spacing--60);padding-left:var(--wp--preset--spacing--60)\">\n<div class=\"wp-block-group has-global-padding is-layout-constrained wp-block-group-is-layout-constrained\">\n<p class=\"has-text-align-center has-base-color has-text-color has-utm-avo-font-family has-x-large-font-size\" style=\"line-height:1.2\"><strong>Tr\u1ea3i nghi\u1ec7m t\u1ed1t nh\u1ea5t<\/strong><\/p>\n\n\n\n<p class=\"has-text-align-center\"><em>\u2606<\/em><em>\u2606<\/em><em>\u2606<\/em><em>\u2606<\/em><em>\u2606<\/em>5\/5<\/p>\n\n\n\n<p class=\"has-text-align-center has-base-color has-text-color has-utm-avo-font-family has-medium-font-size\" style=\"line-height:1.2\"><strong>&#8221; Tr\u1ea3i nghi\u1ec7m kh\u00f4ng gian s\u1ed1ng sang tr\u1ecdng &#8220;<\/strong><\/p>\n\n\n\n<p class=\"has-text-align-center has-base-color has-text-color has-utm-avo-font-family has-medium-font-size\" style=\"line-height:1.2\"><br>Mang \u0111\u1ebfn s\u1ef1 tr\u1ea3i nghi\u1ec7m v\u1ec1 c\u0103n h\u1ed9 d\u1ecbch v\u1ee5 ti\u1ec7n nghi v\u00e0 sang tr\u1ecdng.<br>H\u01a1n 200 c\u0103n h\u1ed9 d\u1ecbch v\u1ee5 sang tr\u1ecdng. C\u0103n h\u1ed9 c\u1ee7a ch\u00fang t\u00f4i l\u00e0 n\u01a1i l\u00fd t\u01b0\u1edfng \u0111\u1ec3 tr\u1edf th\u00e0nh s\u1ef1 l\u1ef1a ch\u1ecdn l\u01b0u tr\u00fa c\u1ee7a qu\u00fd kh\u00e1ch h\u00e0ng.<\/p>\n\n\n\n<div style=\"height:var(--wp--preset--spacing--10)\" aria-hidden=\"true\" class=\"wp-block-spacer\"><\/div>\n\n\n\n<div class=\"wp-block-group is-vertical is-content-justification-center is-nowrap is-layout-flex wp-container-core-group-is-layout-2dc08cea wp-block-group-is-layout-flex\">\n<figure class=\"wp-block-image aligncenter size-full is-resized has-custom-border\"><img loading=\"lazy\" decoding=\"async\" width=\"2504\" height=\"2504\" src=\"https:\/\/somigroup.vn\/wp-content\/uploads\/2025\/12\/Somi-luxstay-logo.png\" alt=\"\" class=\"wp-image-177\" style=\"border-radius:100px;aspect-ratio:1;object-fit:cover;width:60px\"\/><\/figure>\n\n\n\n<p class=\"has-text-align-center\" style=\"margin-top:var(--wp--preset--spacing--10);margin-bottom:0\">SOMI LUXSTAY <\/p>\n\n\n\n<p class=\"has-text-align-center has-contrast-3-color has-text-color has-small-font-size\" style=\"font-style:normal;font-weight:300\">Serviced Apartments<\/p>\n<\/div>\n<\/div>\n<\/div>\n\n\n\n<div class=\"wp-block-group alignfull has-global-padding is-layout-constrained wp-container-core-group-is-layout-b673cb31 wp-block-group-is-layout-constrained\" style=\"margin-top:0;margin-bottom:0;padding-top:var(--wp--preset--spacing--30);padding-right:var(--wp--preset--spacing--50);padding-bottom:var(--wp--preset--spacing--30);padding-left:var(--wp--preset--spacing--50)\">\n<div class=\"wp-block-group alignwide has-accent-background-color has-background has-global-padding is-layout-constrained wp-container-core-group-is-layout-39412042 wp-block-group-is-layout-constrained\" style=\"border-radius:16px;padding-top:var(--wp--preset--spacing--40);padding-right:var(--wp--preset--spacing--50);padding-bottom:var(--wp--preset--spacing--40);padding-left:var(--wp--preset--spacing--50)\">\n<div style=\"height:var(--wp--preset--spacing--10)\" aria-hidden=\"true\" class=\"wp-block-spacer\"><\/div>\n\n\n\n<h2 class=\"wp-block-heading has-text-align-center has-large-font-size\"><strong>Join 900+ subscribers<\/strong><\/h2>\n\n\n\n<p class=\"has-text-align-center\">Lu\u00f4n c\u1eadp nh\u1eadt m\u1ecdi th\u00f4ng tin c\u1ea7n thi\u1ebft.<\/p>\n\n\n\n<p class=\"has-text-align-center\"><\/p>\n\n\n\n<div class=\"wp-block-buttons is-content-justification-center is-layout-flex wp-container-core-buttons-is-layout-a89b3969 wp-block-buttons-is-layout-flex\">\n<div class=\"wp-block-button\"><a class=\"wp-block-button__link wp-element-button\" href=\"https:\/\/somiluxstay.com\/can-ho-dich-vu\/\">Register<\/a><\/div>\n<\/div>\n\n\n\n<div style=\"height:var(--wp--preset--spacing--10)\" aria-hidden=\"true\" class=\"wp-block-spacer\"><\/div>\n<\/div>\n<\/div>\n","protected":false},"excerpt":{"rendered":"<p>C\u0102N H\u1ed8 D\u1ecaCH V\u1ee4 Somi Luxstay l\u00e0 s\u1ea3n ph\u1ea9m thu\u1ed9c Somi Group. Ph\u00e1t tri\u1ec3n trong l\u0129nh v\u1ef1c C\u0103n h\u1ed9 D\u1ecbch v\u1ee5 &#8211; D\u1ecbch v\u1ee5 c\u0103n h\u1ed9 l\u01b0u tr\u00fa v\u00e0 cho thu\u00ea cao c\u1ea5p t\u1ea1i Landmark 81 v\u00e0 c\u00e1c c\u0103n h\u1ed9 t\u1ea1i khu Vinhomes Central Park. Ch\u00e0o \u0111\u00f3n b\u1ea1n t\u1ea1i Somi Luxstay!&nbsp; &#8221; Tr\u1ea3i nghi\u1ec7m kh\u00f4ng [&hellip;]<\/p>\n","protected":false},"author":1,"featured_media":0,"parent":24,"menu_order":1,"comment_status":"closed","ping_status":"closed","template":"","meta":{"footnotes":""},"class_list":["post-316","page","type-page","status-publish","hentry"],"_links":{"self":[{"href":"https:\/\/somigroup.vn\/index.php?rest_route=\/wp\/v2\/pages\/316","targetHints":{"allow":["GET"]}}],"collection":[{"href":"https:\/\/somigroup.vn\/index.php?rest_route=\/wp\/v2\/pages"}],"about":[{"href":"https:\/\/somigroup.vn\/index.php?rest_route=\/wp\/v2\/types\/page"}],"author":[{"embeddable":true,"href":"https:\/\/somigroup.vn\/index.php?rest_route=\/wp\/v2\/users\/1"}],"replies":[{"embeddable":true,"href":"https:\/\/somigroup.vn\/index.php?rest_route=%2Fwp%2Fv2%2Fcomments&post=316"}],"version-history":[{"count":15,"href":"https:\/\/somigroup.vn\/index.php?rest_route=\/wp\/v2\/pages\/316\/revisions"}],"predecessor-version":[{"id":472,"href":"https:\/\/somigroup.vn\/index.php?rest_route=\/wp\/v2\/pages\/316\/revisions\/472"}],"up":[{"embeddable":true,"href":"https:\/\/somigroup.vn\/index.php?rest_route=\/wp\/v2\/pages\/24"}],"wp:attachment":[{"href":"https:\/\/somigroup.vn\/index.php?rest_route=%2Fwp%2Fv2%2Fmedia&parent=316"}],"curies":[{"name":"wp","href":"https:\/\/api.w.org\/{rel}","templated":true}]}}