{"id":313,"date":"2025-12-31T12:56:45","date_gmt":"2025-12-31T12:56:45","guid":{"rendered":"https:\/\/somigroup.vn\/?page_id=313"},"modified":"2026-01-03T07:47:38","modified_gmt":"2026-01-03T07:47:38","slug":"somi-clean-2","status":"publish","type":"page","link":"https:\/\/somigroup.vn\/?page_id=313","title":{"rendered":"Somi cLean"},"content":{"rendered":"\n<div class=\"wp-block-group alignfull has-global-padding is-layout-constrained wp-container-core-group-is-layout-490fa1db wp-block-group-is-layout-constrained\" style=\"padding-top:var(--wp--preset--spacing--50);padding-right:var(--wp--preset--spacing--50);padding-bottom:var(--wp--preset--spacing--50);padding-left:var(--wp--preset--spacing--50)\">\n<div class=\"wp-block-group has-global-padding is-layout-constrained wp-container-core-group-is-layout-650790e1 wp-block-group-is-layout-constrained\">\n<p class=\"has-text-align-center has-x-large-font-size\"><strong><strong>GI\u1eb6T \u1ee6I CAO C\u1ea4P<\/strong><\/strong><\/p>\n\n\n\n<div style=\"height:20px\" aria-hidden=\"true\" class=\"wp-block-spacer\"><\/div>\n\n\n\n<p class=\"has-text-align-center\">Somi Clean s\u1ea3n ph\u1ea9m d\u1ecbch v\u1ee5 c\u1ee7a SOMI Group t\u1ef1 tin l\u00e0 m\u1ed9t trong nh\u1eefng n\u01a1i gi\u1eb7t \u1ee7i, s\u1ea5y uy t\u00edn, ch\u1ea5t l\u01b0\u1ee3ng v\u00e0 nhanh ch\u00f3ng. \u0110\u00e1p \u1ee9ng \u0111\u1ee7 lo\u1ea1i h\u00ecnh gi\u1eb7t \u1ee7i, s\u1ea5y, cao c\u1ea5p\u2026 \u0111\u1ebfn v\u1edbi qu\u00fd kh\u00e1ch t\u1ea1i th\u00e0nh ph\u1ed1 H\u1ed3 Ch\u00ed Minh.<\/p>\n\n\n\n<div style=\"height:20px\" aria-hidden=\"true\" class=\"wp-block-spacer\"><\/div>\n\n\n\n<p class=\"has-text-align-center\">S\u1eed d\u1ee5ng m\u00e1y hi\u1ec7n \u0111\u1ea1i, c\u00f4ng ngh\u1ec7 m\u1edbi, n\u1ed5i b\u1eadt d\u00f9ng nguy\u00ean li\u1ec7u h\u1eefu c\u01a1 gi\u00fap l\u00e0m b\u1ec1n m\u00e0u v\u1ea3i, m\u1ec1m m\u1ea1i, v\u00e0 th\u01a1m m\u00e1t, \u0111\u1eb7c bi\u1ec7t l\u00e0 b\u1ea3o v\u1ec7 da &#8211; tuy\u1ec7t v\u1eddi \u0111\u1ed1i v\u1edbi nh\u1eefng kh\u00e1ch h\u00e0ng c\u00f3 l\u00e0n da nh\u1ea1y c\u1ea3m!<\/p>\n\n\n\n<div style=\"height:1.25rem\" aria-hidden=\"true\" class=\"wp-block-spacer\"><\/div>\n\n\n\n<div class=\"wp-block-buttons is-content-justification-center is-layout-flex wp-container-core-buttons-is-layout-a89b3969 wp-block-buttons-is-layout-flex\">\n<div class=\"wp-block-button\"><a class=\"wp-block-button__link wp-element-button\" href=\"https:\/\/somiclean.com\/\" target=\"_blank\" rel=\"noreferrer noopener\">Somiclean service<\/a><\/div>\n<\/div>\n<\/div>\n\n\n\n<div style=\"height:var(--wp--preset--spacing--30)\" aria-hidden=\"true\" class=\"wp-block-spacer\"><\/div>\n\n\n\n<figure class=\"wp-block-image alignwide size-full is-style-rounded is-style-rounded--1\"><img loading=\"lazy\" decoding=\"async\" width=\"3241\" height=\"2155\" src=\"https:\/\/somigroup.vn\/wp-content\/uploads\/2025\/12\/SML-lanmark-81.jpg\" alt=\"\" class=\"wp-image-143\"\/><\/figure>\n<\/div>\n\n\n\n<div class=\"wp-block-group alignfull has-global-padding is-layout-constrained wp-container-core-group-is-layout-d89aad35 wp-block-group-is-layout-constrained\" style=\"margin-top:0;margin-bottom:0;padding-top:var(--wp--preset--spacing--50);padding-right:var(--wp--preset--spacing--50);padding-bottom:var(--wp--preset--spacing--50);padding-left:var(--wp--preset--spacing--50)\">\n<div class=\"wp-block-group alignwide has-global-padding is-layout-constrained wp-container-core-group-is-layout-19e250f3 wp-block-group-is-layout-constrained\">\n<div class=\"wp-block-group is-vertical is-content-justification-center is-layout-flex wp-container-core-group-is-layout-6329a8f3 wp-block-group-is-layout-flex\">\n<p class=\"has-text-align-center has-large-font-size\"><strong>\u0110i\u1ec1u l\u00e0m Somi Clean kh\u00e1c bi\u1ec7t?<\/strong><\/p>\n\n\n\n<p class=\"has-text-align-center has-medium-font-size\">D\u1ecbch v\u1ee5 gi\u1eb7t \u1ee7i cao c\u1ea5p &#8211; ch\u1ea5t l\u01b0\u1ee3ng, v\u1edbi h\u1ec7 th\u1ed1ng m\u00e1y gi\u1eb7t &amp; s\u1ea5y chuy\u00ean d\u1ee5ng th\u1ecb tr\u01b0\u1eddng gi\u1eb7t \u1ee7i.<\/p>\n<\/div>\n\n\n\n<div style=\"height:var(--wp--preset--spacing--40)\" aria-hidden=\"true\" class=\"wp-block-spacer\"><\/div>\n\n\n\n<div class=\"wp-block-columns alignwide is-layout-flex wp-container-core-columns-is-layout-d1c656ed wp-block-columns-is-layout-flex\">\n<div class=\"wp-block-column is-vertically-aligned-center is-layout-flow wp-block-column-is-layout-flow\" style=\"flex-basis:40%\">\n<p><strong>Somi Clean cung c\u1ea5p<\/strong><\/p>\n\n\n\n<ul style=\"line-height:1.75\" class=\"wp-block-list is-style-checkmark-list\">\n<li>D\u1ecbch v\u1ee5 gi\u1eb7t \u1ee7i cao c\u1ea5p &#8211; ch\u1ea5t l\u01b0\u1ee3ng, v\u1edbi h\u1ec7 th\u1ed1ng m\u00e1y gi\u1eb7t &amp; s\u1ea5y chuy\u00ean d\u1ee5ng th\u1ecb tr\u01b0\u1eddng gi\u1eb7t \u1ee7i.<\/li>\n<\/ul>\n<\/div>\n\n\n\n<div class=\"wp-block-column is-layout-flow wp-block-column-is-layout-flow\" style=\"flex-basis:50%\">\n<figure class=\"wp-block-image size-full is-style-rounded is-style-rounded--2\"><img loading=\"lazy\" decoding=\"async\" width=\"2504\" height=\"2504\" src=\"https:\/\/somigroup.vn\/wp-content\/uploads\/2025\/12\/Somi-Clean.png\" alt=\"\" class=\"wp-image-9\"\/><\/figure>\n<\/div>\n<\/div>\n\n\n\n<div style=\"height:var(--wp--preset--spacing--40)\" aria-hidden=\"true\" class=\"wp-block-spacer\"><\/div>\n\n\n\n<div class=\"wp-block-columns alignwide is-layout-flex wp-container-core-columns-is-layout-d1c656ed wp-block-columns-is-layout-flex\">\n<div class=\"wp-block-column is-layout-flow wp-block-column-is-layout-flow\" style=\"flex-basis:50%\">\n<figure class=\"wp-block-image size-full is-style-rounded is-style-rounded--3\"><img loading=\"lazy\" decoding=\"async\" width=\"3241\" height=\"2155\" src=\"https:\/\/somigroup.vn\/wp-content\/uploads\/2025\/12\/somiclean-laundry-office.jpg\" alt=\"\" class=\"wp-image-194\"\/><\/figure>\n<\/div>\n\n\n\n<div class=\"wp-block-column is-vertically-aligned-center is-layout-flow wp-block-column-is-layout-flow\" style=\"flex-basis:40%\">\n<p class=\"has-large-font-size\">Gi\u00e1 tr\u1ecb<\/p>\n\n\n\n<ul style=\"line-height:1.75\" class=\"wp-block-list is-style-checkmark-list\">\n<li>Gi\u1eb7t \u1ee7i, gi\u1eb7t h\u1ea5p cao c\u1ea5p (gi\u1eb7t tay, l\u00e0m m\u1ec1m v\u1ea3i&#8230;).<\/li>\n\n\n\n<li class=\"has-medium-font-size\">Gi\u1eb7t s\u1ea5y t\u1eadn n\u01a1i c\u00e1c lo\u1ea1i.<\/li>\n\n\n\n<li class=\"has-medium-font-size\">Gi\u1eb7t s\u1ea5y, h\u1ea5p c\u00e1c lo\u1ea1i gi\u00e0y.<\/li>\n\n\n\n<li class=\"has-medium-font-size\">\u200bV\u1ec7 sinh m\u00e1y l\u1ea1nh, \u0111i ron, v\u1ec7 sinh CN.<\/li>\n<\/ul>\n<\/div>\n<\/div>\n<\/div>\n<\/div>\n\n\n\n<div class=\"wp-block-group alignfull has-global-padding is-layout-constrained wp-container-core-group-is-layout-b673cb31 wp-block-group-is-layout-constrained\" style=\"margin-top:0;margin-bottom:0;padding-top:var(--wp--preset--spacing--30);padding-right:var(--wp--preset--spacing--50);padding-bottom:var(--wp--preset--spacing--30);padding-left:var(--wp--preset--spacing--50)\">\n<div class=\"wp-block-columns alignwide are-vertically-aligned-center is-layout-flex wp-container-core-columns-is-layout-47c06fe3 wp-block-columns-is-layout-flex\">\n<div class=\"wp-block-column is-vertically-aligned-center is-layout-flow wp-block-column-is-layout-flow\" style=\"flex-basis:50%\">\n<h2 class=\"wp-block-heading has-text-align-center is-style-default has-large-font-size\"><strong>PURPOSE<\/strong><\/h2>\n\n\n\n<div style=\"height:25px\" aria-hidden=\"true\" class=\"wp-block-spacer\"><\/div>\n\n\n\n<p>H\u00e0nh tr\u00ecnh \u0111a d\u1ea1ng, n\u00e2ng c\u1ea5p s\u1ea3n ph\u1ea9m d\u1ecbch v\u1ee5 v\u00e0 tr\u1ea3i nghi\u1ec7m.<\/p>\n\n\n\n<ul style=\"line-height:1.75\" class=\"wp-block-list is-style-checkmark-list\">\n<li>T\u1ea1o s\u1ef1 l\u1ef1a ch\u1ecdn \u0111a d\u1ea1ng.<\/li>\n\n\n\n<li>T\u1ed1i \u01b0u nhu c\u1ea7u s\u1ea3n ph\u1ea9m d\u1ecbch v\u1ee5.<\/li>\n\n\n\n<li>T\u0103ng t\u00ednh tr\u1ea3i nghi\u1ec7m t\u1ed1t cho kh\u00e1ch h\u00e0ng.<\/li>\n<\/ul>\n\n\n\n<div style=\"height:25px\" aria-hidden=\"true\" class=\"wp-block-spacer\"><\/div>\n\n\n\n<div class=\"wp-block-buttons is-layout-flex wp-block-buttons-is-layout-flex\">\n<div class=\"wp-block-button\"><a class=\"wp-block-button__link wp-element-button\">SOMI Group +<\/a><\/div>\n\n\n\n<div class=\"wp-block-button is-style-outline is-style-outline--4\"><a class=\"wp-block-button__link wp-element-button\">ID Profile +<\/a><\/div>\n<\/div>\n<\/div>\n\n\n\n<div class=\"wp-block-column is-vertically-aligned-center is-layout-flow wp-block-column-is-layout-flow\" style=\"flex-basis:50%\">\n<figure class=\"wp-block-image size-full is-style-default\"><img loading=\"lazy\" decoding=\"async\" width=\"2400\" height=\"1600\" src=\"https:\/\/somigroup.vn\/wp-content\/uploads\/2026\/01\/Receipt-somi-clean.jpg\" alt=\"\" class=\"wp-image-461\" style=\"aspect-ratio:4\/3;object-fit:cover\"\/><\/figure>\n<\/div>\n<\/div>\n<\/div>\n\n\n\n<div class=\"wp-block-group alignwide has-contrast-color has-accent-background-color has-text-color has-background has-link-color wp-elements-1c8e5f68535d280211ea98ff85ffc163 has-global-padding is-layout-constrained wp-container-core-group-is-layout-39412042 wp-block-group-is-layout-constrained\" style=\"border-radius:16px;padding-top:var(--wp--preset--spacing--40);padding-right:var(--wp--preset--spacing--50);padding-bottom:var(--wp--preset--spacing--40);padding-left:var(--wp--preset--spacing--50)\">\n<h2 class=\"wp-block-heading has-text-align-center has-x-large-font-size\">Join 900+ subscribers<\/h2>\n\n\n\n<p class=\"has-text-align-center\">Lu\u00f4n c\u1eadp nh\u1eadt m\u1ecdi th\u00f4ng tin c\u1ea7n thi\u1ebft.<\/p>\n\n\n\n<div style=\"height:25px\" aria-hidden=\"true\" class=\"wp-block-spacer\"><\/div>\n\n\n\n<div class=\"wp-block-buttons is-content-justification-center is-layout-flex wp-container-core-buttons-is-layout-a89b3969 wp-block-buttons-is-layout-flex\">\n<div class=\"wp-block-button\"><a class=\"wp-block-button__link wp-element-button\">\u0110\u0103ng k\u00fd +<\/a><\/div>\n<\/div>\n<\/div>\n","protected":false},"excerpt":{"rendered":"<p>GI\u1eb6T \u1ee6I CAO C\u1ea4P Somi Clean s\u1ea3n ph\u1ea9m d\u1ecbch v\u1ee5 c\u1ee7a SOMI Group t\u1ef1 tin l\u00e0 m\u1ed9t trong nh\u1eefng n\u01a1i gi\u1eb7t \u1ee7i, s\u1ea5y uy t\u00edn, ch\u1ea5t l\u01b0\u1ee3ng v\u00e0 nhanh ch\u00f3ng. \u0110\u00e1p \u1ee9ng \u0111\u1ee7 lo\u1ea1i h\u00ecnh gi\u1eb7t \u1ee7i, s\u1ea5y, cao c\u1ea5p\u2026 \u0111\u1ebfn v\u1edbi qu\u00fd kh\u00e1ch t\u1ea1i th\u00e0nh ph\u1ed1 H\u1ed3 Ch\u00ed Minh. S\u1eed d\u1ee5ng m\u00e1y hi\u1ec7n \u0111\u1ea1i, [&hellip;]<\/p>\n","protected":false},"author":1,"featured_media":0,"parent":24,"menu_order":2,"comment_status":"closed","ping_status":"closed","template":"","meta":{"footnotes":""},"class_list":["post-313","page","type-page","status-publish","hentry"],"_links":{"self":[{"href":"https:\/\/somigroup.vn\/index.php?rest_route=\/wp\/v2\/pages\/313","targetHints":{"allow":["GET"]}}],"collection":[{"href":"https:\/\/somigroup.vn\/index.php?rest_route=\/wp\/v2\/pages"}],"about":[{"href":"https:\/\/somigroup.vn\/index.php?rest_route=\/wp\/v2\/types\/page"}],"author":[{"embeddable":true,"href":"https:\/\/somigroup.vn\/index.php?rest_route=\/wp\/v2\/users\/1"}],"replies":[{"embeddable":true,"href":"https:\/\/somigroup.vn\/index.php?rest_route=%2Fwp%2Fv2%2Fcomments&post=313"}],"version-history":[{"count":10,"href":"https:\/\/somigroup.vn\/index.php?rest_route=\/wp\/v2\/pages\/313\/revisions"}],"predecessor-version":[{"id":473,"href":"https:\/\/somigroup.vn\/index.php?rest_route=\/wp\/v2\/pages\/313\/revisions\/473"}],"up":[{"embeddable":true,"href":"https:\/\/somigroup.vn\/index.php?rest_route=\/wp\/v2\/pages\/24"}],"wp:attachment":[{"href":"https:\/\/somigroup.vn\/index.php?rest_route=%2Fwp%2Fv2%2Fmedia&parent=313"}],"curies":[{"name":"wp","href":"https:\/\/api.w.org\/{rel}","templated":true}]}}