{"id":30,"date":"2025-12-19T09:10:42","date_gmt":"2025-12-19T09:10:42","guid":{"rendered":"https:\/\/somigroup.vn\/?page_id=30"},"modified":"2026-01-03T08:20:54","modified_gmt":"2026-01-03T08:20:54","slug":"gioi-thieu","status":"publish","type":"page","link":"https:\/\/somigroup.vn\/?page_id=30","title":{"rendered":"Gi\u1edbi thi\u1ec7u"},"content":{"rendered":"\n<div class=\"wp-block-group alignfull has-accent-background-color has-background has-global-padding is-layout-constrained wp-container-core-group-is-layout-669513ed wp-block-group-is-layout-constrained\" style=\"margin-top:0;margin-bottom:0;padding-top:var(--wp--preset--spacing--50);padding-right:var(--wp--preset--spacing--50);padding-bottom:var(--wp--preset--spacing--50);padding-left:var(--wp--preset--spacing--50)\">\n<div class=\"wp-block-columns alignwide is-layout-flex wp-container-core-columns-is-layout-28f84493 wp-block-columns-is-layout-flex\">\n<div class=\"wp-block-column is-layout-flow wp-block-column-is-layout-flow\" style=\"flex-basis:40%\">\n<p class=\"wp-container-content-0733e5d0\">SOMI Group Gallery \u2014 Overview<\/p>\n<\/div>\n\n\n\n<div class=\"wp-block-column is-layout-flow wp-block-column-is-layout-flow\" style=\"flex-basis:60%\">\n<p class=\"has-x-large-font-size\" style=\"line-height:1.2\">V\u1edbi s\u1ef1 am hi\u1ec3u d\u1ecbch v\u1ee5 v\u00e0 s\u1ef1 tin c\u1eady. C\u00f9ng \u0111\u1ed9i ng\u0169 ho\u1ea1t \u0111\u1ed9ng chuy\u00ean nghi\u1ec7p. Ch\u00fang t\u00f4i mong mu\u1ed1n mang \u0111\u1ebfn s\u1ef1 tr\u1ea3i nghi\u1ec7m &#8211; Qu\u00fd kh\u00e1ch h\u00e0ng sang tr\u1ecdng v\u00e0 cao c\u1ea5p.<\/p>\n<\/div>\n<\/div>\n\n\n\n<div style=\"height:var(--wp--preset--spacing--40)\" aria-hidden=\"true\" class=\"wp-block-spacer\"><\/div>\n\n\n\n<figure class=\"wp-block-image alignwide size-full is-style-default\"><img loading=\"lazy\" decoding=\"async\" width=\"2400\" height=\"1600\" src=\"https:\/\/somigroup.vn\/wp-content\/uploads\/2025\/12\/Office-Somigroup.jpg\" alt=\"\" class=\"wp-image-84\"\/><\/figure>\n<\/div>\n\n\n\n<div class=\"wp-block-group alignfull has-accent-background-color has-background has-global-padding is-layout-constrained wp-container-core-group-is-layout-d89aad35 wp-block-group-is-layout-constrained\" style=\"margin-top:0;margin-bottom:0;padding-top:var(--wp--preset--spacing--50);padding-right:var(--wp--preset--spacing--50);padding-bottom:var(--wp--preset--spacing--50);padding-left:var(--wp--preset--spacing--50)\">\n<div class=\"wp-block-columns alignwide is-layout-flex wp-container-core-columns-is-layout-549b0c86 wp-block-columns-is-layout-flex\">\n<div class=\"wp-block-column has-global-padding is-content-justification-left is-layout-constrained wp-container-core-column-is-layout-4f15e8fe wp-block-column-is-layout-constrained\" style=\"flex-basis:40%\">\n<p><strong>C\u00d4NG TY TNHH TH\u01af\u01a0NG M\u1ea0I V\u00c0 D\u1ecaCH V\u1ee4 SOMI GROUP.<\/strong><br>Chuy\u00ean l\u0129nh v\u1ef1c &#8211; Th\u01b0\u01a1ng hi\u1ec7u Kinh doanh &amp; D\u1ecbch v\u1ee5.<\/p>\n<\/div>\n\n\n\n<div class=\"wp-block-column is-layout-flow wp-container-core-column-is-layout-119bc444 wp-block-column-is-layout-flow\" style=\"flex-basis:60%\">\n<p class=\"has-x-large-font-size\" style=\"line-height:1.2\">T\u1eeb n\u0103m 2007 \u0111\u1ebfn nay, C\u00f4ng ty TNHH Th\u01b0\u01a1ng m\u1ea1i v\u00e0 D\u1ecbch v\u1ee5 Song Minh; vi\u1ebft t\u1eaft SOMI Group \u0111ang t\u1eebng b\u01b0\u1edbc \u0111\u01b0\u1ee3c x\u00e2y d\u1ef1ng v\u00e0 ph\u00e1t tri\u1ec3n.<\/p>\n\n\n\n<div class=\"wp-block-columns is-layout-flex wp-container-core-columns-is-layout-87beb0d0 wp-block-columns-is-layout-flex\">\n<div class=\"wp-block-column is-layout-flow wp-block-column-is-layout-flow\">\n<p class=\"wp-container-content-9cfa9a5a\">T\u1eeb m\u00f4 h\u00ecnh ph\u00e1t tri\u1ec3n ban \u0111\u1ea7u l\u00e0 C\u00f4ng ty H\u01b0\u01a1ng Hoa Vi\u1ec7t v\u00e0 d\u1ecbch v\u1ee5 Yobe Luxstay, \u0111\u1ebfn nay SOMI Group \u0111\u00e3 tr\u1edf th\u00e0nh C\u00f4ng ty TNHH Ph\u00e1t tri\u1ec3n Th\u01b0\u01a1ng m\u1ea1i v\u00e0 D\u1ecbch v\u1ee5 SOMI. V\u1edbi 02 c\u00f4ng ty th\u00e0nh vi\u00ean v\u00e0 c\u00f4ng ty li\u00ean k\u1ebft ho\u1ea1t \u0111\u1ed9ng chuy\u00ean nghi\u1ec7p trong t\u1eebng l\u0129nh v\u1ef1c d\u1ecbch v\u1ee5 v\u00e0 th\u01b0\u01a1ng m\u1ea1i.<\/p>\n\n\n\n<p class=\"wp-container-content-9cfa9a5a\">SOMI Group \u0111\u00e3 \u0111\u1ea1t \u0111\u01b0\u1ee3c nh\u1eefng th\u00e0nh c\u00f4ng b\u01b0\u1edbc \u0111\u1ea7u trong vi\u1ec7c t\u1ea1o d\u1ef1ng gi\u00e1 tr\u1ecb v\u00e0 tr\u01b0\u1edfng th\u00e0nh trong ho\u1ea1t \u0111\u1ed9ng kinh doanh, \u0111\u01b0\u1ee3c \u0111\u1ed1i t\u00e1c v\u00e0 kh\u00e1ch h\u00e0ng t\u00edn nhi\u1ec7m.<\/p>\n\n\n\n<p>\u200b<\/p>\n<\/div>\n\n\n\n<div class=\"wp-block-column is-layout-flow wp-block-column-is-layout-flow\">\n<p>Nh\u1eefng th\u00e0nh t\u1ef1u b\u01b0\u1edbc \u0111\u1ea7u \u0111\u00e3 \u0111\u1ea1t \u0111\u01b0\u1ee3c, trong xu h\u01b0\u1edbng hi\u1ec7n nay, SOMI Group lu\u00f4n ch\u1ee7 \u0111\u1ed9ng n\u1eafm b\u1eaft c\u01a1 h\u1ed9i kinh doanh \u0111\u1ec3 ti\u1ebfp t\u1ee5c ph\u00e1t tri\u1ec3n b\u1ec1n v\u1eefng. V\u1edbi quan \u0111i\u1ec3m &#8221; Ph\u1ee5c v\u1ee5 c\u00f3 m\u1ee5c \u0111\u00edch&#8221; \u0111\u1ec3 m\u1edf r\u1ed9ng h\u1ee3p t\u00e1c trong t\u01b0\u01a1ng lai, SOMI Group lu\u00f4n ch\u00e0o \u0111\u00f3n c\u00e1c \u0111\u1ed1i t\u00e1c v\u00e0 kh\u00e1ch h\u00e0ng \u0111\u1ebfn chia s\u1ebb c\u01a1 h\u1ed9i v\u00e0 tri\u1ec3n v\u1ecdng kinh doanh v\u1edbi ch\u00fang t\u00f4i. .<\/p>\n\n\n\n<p>S\u1ef1 \u1ee7ng h\u1ed9 v\u00e0 h\u1ee3p t\u00e1c c\u1ee7a Qu\u00fd kh\u00e1ch h\u00e0ng l\u00e0 ti\u1ec1n \u0111\u1ec1 cho s\u1ef1 th\u00e0nh c\u00f4ng c\u1ee7a SOMI Group.<\/p>\n<\/div>\n<\/div>\n<\/div>\n<\/div>\n<\/div>\n\n\n\n<div class=\"wp-block-cover alignfull is-light has-parallax\" style=\"padding-top:var(--wp--preset--spacing--50);padding-right:var(--wp--preset--spacing--50);padding-bottom:var(--wp--preset--spacing--50);padding-left:var(--wp--preset--spacing--50);min-height:100vh;aspect-ratio:unset;\"><div class=\"wp-block-cover__image-background wp-image-113 size-full has-parallax\" style=\"background-position:50% 50%;background-image:url(https:\/\/somigroup.vn\/wp-content\/uploads\/2025\/12\/Meeting-Room-Interior-Somigroup.jpg)\"><\/div><span aria-hidden=\"true\" class=\"wp-block-cover__background has-base-background-color has-background-dim-0 has-background-dim\"><\/span><div class=\"wp-block-cover__inner-container has-global-padding is-layout-constrained wp-container-core-cover-is-layout-e4fd886c wp-block-cover-is-layout-constrained\">\n<div style=\"height:500px\" aria-hidden=\"true\" class=\"wp-block-spacer\"><\/div>\n<\/div><\/div>\n\n\n\n<div class=\"wp-block-group alignfull has-base-2-background-color has-background has-global-padding is-layout-constrained wp-container-core-group-is-layout-87fd8416 wp-block-group-is-layout-constrained\" style=\"margin-top:0;margin-bottom:0;padding-top:var(--wp--preset--spacing--40);padding-right:var(--wp--preset--spacing--60);padding-bottom:var(--wp--preset--spacing--40);padding-left:var(--wp--preset--spacing--60)\">\n<div class=\"wp-block-group alignwide is-layout-flow wp-block-group-is-layout-flow\">\n<p class=\"has-text-align-center has-large-font-size\" style=\"font-style:normal;font-weight:400;line-height:1.2\"><strong>N\u1ec0N T\u1ea2NG C\u1ed0T L\u00d5I<\/strong><\/p>\n\n\n\n<ul class=\"wp-block-list has-large-font-size\">\n<li>H\u01b0\u1edbng \u0111\u1ebfn kh\u00e1ch h\u00e0ng, t\u1ea1o gi\u00e1 tr\u1ecb ph\u00e1t tri\u1ec3n b\u1ec1n v\u1eefng.<\/li>\n\n\n\n<li>Nh\u00e2n s\u1ef1 tr\u00e1ch nhi\u1ec7m g\u1eafn k\u1ebft, chia s\u1ebb.<\/li>\n\n\n\n<li>S\u1ea3n ph\u1ea9m li\u00ean k\u1ebft d\u1ecbch v\u1ee5 uy t\u00edn t\u1ed1i \u01b0u v\u00e0 linh ho\u1ea1t.<\/li>\n<\/ul>\n\n\n\n<div style=\"height:var(--wp--preset--spacing--10)\" aria-hidden=\"true\" class=\"wp-block-spacer\"><\/div>\n<\/div>\n<\/div>\n\n\n\n<div class=\"wp-block-group alignfull has-base-2-color has-contrast-background-color has-text-color has-background has-link-color wp-elements-3aa43db9a9628cd4fcb5b46bd0e0fe4e has-global-padding is-layout-constrained wp-container-core-group-is-layout-facafb6f wp-block-group-is-layout-constrained\" style=\"margin-top:0;margin-bottom:0;padding-top:var(--wp--preset--spacing--50);padding-right:var(--wp--preset--spacing--50);padding-bottom:var(--wp--preset--spacing--50);padding-left:var(--wp--preset--spacing--50)\">\n<div class=\"wp-block-columns alignwide is-layout-flex wp-container-core-columns-is-layout-d1c656ed wp-block-columns-is-layout-flex\">\n<div class=\"wp-block-column is-vertically-aligned-stretch is-layout-flow wp-block-column-is-layout-flow\" style=\"padding-right:0;flex-basis:60%\">\n<div class=\"wp-block-group is-vertical is-layout-flex wp-container-core-group-is-layout-5dc61e29 wp-block-group-is-layout-flex\" style=\"min-height:100%;padding-top:var(--wp--preset--spacing--60)\">\n<figure class=\"wp-block-image size-full is-style-rounded wp-duotone-unset-2 is-style-rounded--1\" style=\"margin-top:0;margin-right:0;margin-bottom:0;margin-left:0\"><img loading=\"lazy\" decoding=\"async\" width=\"7360\" height=\"4912\" src=\"https:\/\/somigroup.vn\/wp-content\/uploads\/2025\/12\/somi-group-business-team.jpg\" alt=\"\" class=\"wp-image-175\" style=\"aspect-ratio:4\/3;object-fit:cover\"\/><\/figure>\n\n\n\n<p><\/p>\n\n\n\n<p class=\"has-medium-font-size\"><strong>\u0110\u1ed8I NG\u0168 SOMI LUXSTAY<\/strong><\/p>\n\n\n\n<p class=\"has-medium-font-size\">V\u1edbi \u0111\u1ed9i ng\u0169 nh\u00e2n vi\u00ean l\u1eafng nghe t\u00e2m t\u01b0 kh\u00e1ch h\u00e0ng, c\u00e1c c\u0103n h\u1ed9 sang trong, \u0111\u1eb3ng c\u1ea5p c\u00f9ng c\u00e1c d\u1ecbch v\u1ee5 kh\u00e1c c\u1ee7a ch\u00fang t\u00f4i.<\/p>\n<\/div>\n<\/div>\n\n\n\n<div class=\"wp-block-column is-layout-flow wp-block-column-is-layout-flow\" style=\"flex-basis:40%\">\n<div class=\"wp-block-group has-global-padding is-layout-constrained wp-block-group-is-layout-constrained\">\n<div style=\"height:50px\" aria-hidden=\"true\" class=\"wp-block-spacer\"><\/div>\n\n\n\n<p class=\"has-large-font-size\" style=\"font-style:normal;font-weight:500;line-height:1.2\"><em>&#8221; \u0110\u1ed3ng h\u00e0nh c\u00f9ng qu\u00fd kh\u00e1ch h\u00e0ng v\u00e0 h\u01b0\u1edbng \u0111\u1ebfn \u0111em l\u1ea1i tr\u1ea3i nghi\u1ec7m h\u00e0i l\u00f2ng qua s\u1ea3n ph\u1ea9m d\u1ecbch v\u1ee5 c\u0103n h\u1ed9 &amp; l\u01b0u tr\u00fa &#8220;.<\/em><\/p>\n\n\n\n<div style=\"height:var(--wp--preset--spacing--10)\" aria-hidden=\"true\" class=\"wp-block-spacer\"><\/div>\n\n\n\n<div class=\"wp-block-group is-layout-flow wp-block-group-is-layout-flow\">\n<p class=\"has-utm-avo-font-family\"><strong>C\u0102N H\u1ed8 D\u1ecaCH V\u1ee4<\/strong> <\/p>\n\n\n\n<p class=\"has-utm-avo-font-family\">Somi Luxstay cung c\u1ea5p c\u0103n h\u1ed9 d\u1ecbch v\u1ee5 cao c\u1ea5p v\u00e0 d\u1ecbch v\u1ee5 l\u01b0u tr\u00fa chuy\u00ean nghi\u1ec7p. X\u00e2y d\u1ef1ng m\u1ea1ng l\u01b0\u1edbi \u0111\u1ed1i t\u00e1c trong l\u0129nh v\u1ef1c li\u00ean quan.<\/p>\n\n\n\n<p class=\"has-medium-font-size\"><\/p>\n\n\n\n<figure class=\"wp-block-image size-full has-custom-border is-style-default\" style=\"margin-top:0;margin-right:20px;margin-bottom:0;margin-left:0\"><img loading=\"lazy\" decoding=\"async\" width=\"2504\" height=\"2504\" src=\"https:\/\/somigroup.vn\/wp-content\/uploads\/2025\/12\/Somi-luxstay-logo.png\" alt=\"\" class=\"wp-image-177\" style=\"border-style:none;border-width:0px;aspect-ratio:4\/3;object-fit:cover\"\/><\/figure>\n<\/div>\n<\/div>\n<\/div>\n<\/div>\n<\/div>\n\n\n\n<div class=\"wp-block-group alignwide is-layout-flow wp-block-group-is-layout-flow\">\n<div style=\"height:var(--wp--preset--spacing--10)\" aria-hidden=\"true\" class=\"wp-block-spacer\"><\/div>\n\n\n\n<p class=\"has-text-align-center has-large-font-size\"><strong>SOMI GROUP<\/strong><\/p>\n\n\n\n<p class=\"has-utm-avo-font-family\"><s>C\u00f4ng ty TNHH Th\u01b0\u01a1ng M\u1ea1i v\u00e0 D\u1ecbch V\u1ee5 Song Minh Group t\u01b0 c\u00e1ch ph\u00e1p nh\u00e2n, c\u00f3 con d\u1ea5u ri\u00eang, \u0111\u01b0\u1ee3c m\u1edf t\u00e0i kho\u1ea3n t\u1ea1i Ng\u00e2n h\u00e0ng theo quy \u0111\u1ecbnh c\u1ee7a ph\u00e1p lu\u1eadt. H\u1ee3p nh\u1ea5t \u0111\u0103ng k\u00fd chuy\u1ec3n \u0111\u1ed5i kinh doanh. Gi\u1ea5y ch\u1ee9ng nh\u1eadn \u0111\u0103ng k\u00fd doanh nghi\u1ec7p s\u1ed1: 0314872636, ng\u00e0y c\u1ea5p 01\/02\/2018, n\u01a1i c\u1ea5p: S\u1edf K\u1ebf Ho\u1ea1ch v\u00e0 \u0110\u1ea7u T\u01b0 TP. HCM.<\/s><\/p>\n\n\n\n<p class=\"has-text-align-center\">T\u00ean Ti\u1ebfng Vi\u1ec7t: C\u00d4NG TY TNHH TH\u01af\u01a0NG M\u1ea0I V\u00c0 D\u1ecaCH V\u1ee4 SOMI GROUP<br>T\u00ean Ti\u1ebfng Anh: SOMI GROUP TRADING AND SERVICE LIMITED COMPANY<br>T\u00ean vi\u1ebft t\u1eaft: <strong>SOMI Group<\/strong><\/p>\n<\/div>\n\n\n\n<div style=\"height:50px\" aria-hidden=\"true\" class=\"wp-block-spacer\"><\/div>\n\n\n\n<p><\/p>\n","protected":false},"excerpt":{"rendered":"<p>SOMI Group Gallery \u2014 Overview V\u1edbi s\u1ef1 am hi\u1ec3u d\u1ecbch v\u1ee5 v\u00e0 s\u1ef1 tin c\u1eady. C\u00f9ng \u0111\u1ed9i ng\u0169 ho\u1ea1t \u0111\u1ed9ng chuy\u00ean nghi\u1ec7p. Ch\u00fang t\u00f4i mong mu\u1ed1n mang \u0111\u1ebfn s\u1ef1 tr\u1ea3i nghi\u1ec7m &#8211; Qu\u00fd kh\u00e1ch h\u00e0ng sang tr\u1ecdng v\u00e0 cao c\u1ea5p. C\u00d4NG TY TNHH TH\u01af\u01a0NG M\u1ea0I V\u00c0 D\u1ecaCH V\u1ee4 SOMI GROUP.Chuy\u00ean l\u0129nh v\u1ef1c &#8211; Th\u01b0\u01a1ng hi\u1ec7u [&hellip;]<\/p>\n","protected":false},"author":1,"featured_media":0,"parent":0,"menu_order":2,"comment_status":"closed","ping_status":"closed","template":"","meta":{"footnotes":""},"class_list":["post-30","page","type-page","status-publish","hentry"],"_links":{"self":[{"href":"https:\/\/somigroup.vn\/index.php?rest_route=\/wp\/v2\/pages\/30","targetHints":{"allow":["GET"]}}],"collection":[{"href":"https:\/\/somigroup.vn\/index.php?rest_route=\/wp\/v2\/pages"}],"about":[{"href":"https:\/\/somigroup.vn\/index.php?rest_route=\/wp\/v2\/types\/page"}],"author":[{"embeddable":true,"href":"https:\/\/somigroup.vn\/index.php?rest_route=\/wp\/v2\/users\/1"}],"replies":[{"embeddable":true,"href":"https:\/\/somigroup.vn\/index.php?rest_route=%2Fwp%2Fv2%2Fcomments&post=30"}],"version-history":[{"count":24,"href":"https:\/\/somigroup.vn\/index.php?rest_route=\/wp\/v2\/pages\/30\/revisions"}],"predecessor-version":[{"id":492,"href":"https:\/\/somigroup.vn\/index.php?rest_route=\/wp\/v2\/pages\/30\/revisions\/492"}],"wp:attachment":[{"href":"https:\/\/somigroup.vn\/index.php?rest_route=%2Fwp%2Fv2%2Fmedia&parent=30"}],"curies":[{"name":"wp","href":"https:\/\/api.w.org\/{rel}","templated":true}]}}