{"id":24,"date":"2025-12-19T08:51:50","date_gmt":"2025-12-19T08:51:50","guid":{"rendered":"https:\/\/somigroup.vn\/?page_id=24"},"modified":"2026-01-03T10:18:32","modified_gmt":"2026-01-03T10:18:32","slug":"hoat-dong","status":"publish","type":"page","link":"https:\/\/somigroup.vn\/?page_id=24","title":{"rendered":"Ho\u1ea1t \u0111\u1ed9ng"},"content":{"rendered":"\n<div class=\"wp-block-group alignfull has-accent-background-color has-background has-global-padding is-layout-constrained wp-container-core-group-is-layout-d89aad35 wp-block-group-is-layout-constrained\" style=\"margin-top:0;margin-bottom:0;padding-top:var(--wp--preset--spacing--50);padding-right:var(--wp--preset--spacing--50);padding-bottom:var(--wp--preset--spacing--50);padding-left:var(--wp--preset--spacing--50)\">\n<div class=\"wp-block-columns alignwide is-layout-flex wp-container-core-columns-is-layout-1da03c2a wp-block-columns-is-layout-flex\">\n<div class=\"wp-block-column is-vertically-aligned-center is-layout-flow wp-block-column-is-layout-flow\" style=\"flex-basis:60%\">\n<figure class=\"wp-block-image size-full is-style-default wp-duotone-unset-1\"><img loading=\"lazy\" decoding=\"async\" width=\"2504\" height=\"2504\" src=\"https:\/\/somigroup.vn\/wp-content\/uploads\/2025\/12\/SOMI-Group.png\" alt=\"\" class=\"wp-image-80\" style=\"aspect-ratio:4\/3;object-fit:cover\"\/><\/figure>\n<\/div>\n\n\n\n<div class=\"wp-block-column is-layout-flow wp-block-column-is-layout-flow\" style=\"flex-basis:40%\">\n<h2 class=\"wp-block-heading\"><strong>SOMI<\/strong>Group<\/h2>\n\n\n\n<p><strong>C\u00d4NG TY TNHH TH\u01af\u01a0NG M\u1ea0I V\u00c0 D\u1ecaCH V\u1ee4 SOMI GROUP.<\/strong><br>Chuy\u00ean l\u0129nh v\u1ef1c \u2013 Th\u01b0\u01a1ng hi\u1ec7u Kinh doanh &amp; D\u1ecbch v\u1ee5.<\/p>\n\n\n\n<div class=\"wp-block-buttons is-content-justification-center is-layout-flex wp-container-core-buttons-is-layout-a89b3969 wp-block-buttons-is-layout-flex\">\n<div class=\"wp-block-button\"><a class=\"wp-block-button__link wp-element-button\" href=\"https:\/\/somigroup.vn\/?page_id=30\">About us<\/a><\/div>\n<\/div>\n<\/div>\n<\/div>\n<\/div>\n\n\n\n<div class=\"wp-block-group alignfull has-accent-background-color has-background has-global-padding is-layout-constrained wp-container-core-group-is-layout-f6cc5ae6 wp-block-group-is-layout-constrained\" style=\"margin-top:0;margin-bottom:0;padding-top:var(--wp--preset--spacing--30);padding-right:var(--wp--preset--spacing--50);padding-bottom:var(--wp--preset--spacing--30);padding-left:var(--wp--preset--spacing--50)\">\n<div class=\"wp-block-group is-vertical is-content-justification-center is-layout-flex wp-container-core-group-is-layout-ce155fab wp-block-group-is-layout-flex\">\n<h2 class=\"wp-block-heading has-text-align-center has-xx-large-font-size\"><strong>C\u0102N H\u1ed8 D\u1ecaCH V\u1ee4<\/strong><\/h2>\n\n\n\n<p class=\"has-text-align-center has-x-large-font-size\">Meet Our Team<\/p>\n\n\n\n<p class=\"has-text-align-center\">Gi\u1edbi thi\u1ec7u \u0111\u1ed9i ng\u0169 d\u1ecbch v\u1ee5 c\u0103n h\u1ed9 cho thu\u00ea c\u1ee7a ch\u00fang t\u00f4i: Ch\u00fang t\u00f4i ph\u1ee5c v\u1ee5 nhi\u1ec1u \u0111\u1ed1i t\u01b0\u1ee3ng kh\u00e1ch h\u00e0ng kh\u00e1c nhau khi l\u01b0u tr\u00fa t\u1ea1i Vinhomes Central Park &#8211; Landmark 81.<\/p>\n\n\n\n<div style=\"height:0px\" aria-hidden=\"true\" class=\"wp-block-spacer wp-container-content-16d1eb73\"><\/div>\n\n\n\n<div style=\"height:0px\" aria-hidden=\"true\" class=\"wp-block-spacer wp-container-content-16d1eb73\"><\/div>\n<\/div>\n\n\n\n<div class=\"wp-block-columns alignwide is-layout-flex wp-container-core-columns-is-layout-4935966c wp-block-columns-is-layout-flex\" style=\"padding-right:0;padding-left:0\">\n<div class=\"wp-block-column is-layout-flow wp-block-column-is-layout-flow\">\n<figure class=\"wp-block-image size-full is-style-rounded is-style-rounded--2\"><img loading=\"lazy\" decoding=\"async\" width=\"6658\" height=\"4445\" src=\"https:\/\/somigroup.vn\/wp-content\/uploads\/2025\/12\/somiluxstay-manager.jpg\" alt=\"\" class=\"wp-image-196\" style=\"aspect-ratio:1;object-fit:cover\"\/><\/figure>\n\n\n\n<div class=\"wp-block-group is-vertical is-content-justification-center is-nowrap is-layout-flex wp-container-core-group-is-layout-21d4e958 wp-block-group-is-layout-flex\">\n<p class=\"has-text-align-center has-small-font-size\">Mrs<strong>. Samplate<\/strong><\/p>\n\n\n\n<p class=\"has-text-align-center has-small-font-size\">Deputy Director at SOMI Gruop\/ Manager Somi Luxstay<\/p>\n<\/div>\n<\/div>\n\n\n\n<div class=\"wp-block-column is-layout-flow wp-block-column-is-layout-flow\">\n<figure class=\"wp-block-image size-full is-style-rounded is-style-rounded--3\"><img decoding=\"async\" src=\"https:\/\/somiclean.com\/wp-content\/uploads\/2025\/12\/ceo-somiclean.jpg\" alt=\"\" class=\"wp-image-567\" style=\"aspect-ratio:1;object-fit:cover\"\/><\/figure>\n\n\n\n<div class=\"wp-block-group is-vertical is-content-justification-center is-nowrap is-layout-flex wp-container-core-group-is-layout-63bfd6c1 wp-block-group-is-layout-flex\">\n<p class=\"has-text-align-center has-small-font-size\">Mrs. <strong>Samplate<\/strong><\/p>\n\n\n\n<p class=\"has-text-align-center has-small-font-size\">Sales Team Leader<\/p>\n<\/div>\n<\/div>\n\n\n\n<div class=\"wp-block-column is-layout-flow wp-block-column-is-layout-flow\">\n<figure class=\"wp-block-image size-full is-style-rounded is-style-rounded--4\"><img decoding=\"async\" src=\"https:\/\/somiclean.com\/wp-content\/uploads\/2025\/12\/id-ceo-somiclean-director.jpg\" alt=\"\" class=\"wp-image-571\" style=\"aspect-ratio:1;object-fit:cover\"\/><\/figure>\n\n\n\n<div class=\"wp-block-group is-vertical is-content-justification-center is-nowrap is-layout-flex wp-container-core-group-is-layout-63bfd6c1 wp-block-group-is-layout-flex\">\n<p class=\"has-text-align-center has-small-font-size\">Ms. <strong>Samplate<\/strong><\/p>\n\n\n\n<p class=\"has-text-align-center has-small-font-size\">Sales Team <\/p>\n<\/div>\n<\/div>\n\n\n\n<div class=\"wp-block-column is-layout-flow wp-block-column-is-layout-flow\">\n<figure class=\"wp-block-image size-full is-style-rounded is-style-rounded--5\"><img decoding=\"async\" src=\"https:\/\/somiclean.com\/wp-content\/uploads\/2025\/12\/id-somiclean-HR.jpg\" alt=\"\" class=\"wp-image-574\" style=\"aspect-ratio:1;object-fit:cover\"\/><\/figure>\n\n\n\n<div class=\"wp-block-group is-vertical is-content-justification-center is-nowrap is-layout-flex wp-container-core-group-is-layout-21d4e958 wp-block-group-is-layout-flex\">\n<p class=\"has-text-align-center has-small-font-size\">Ms.<strong>Samplate<\/strong><\/p>\n\n\n\n<p class=\"has-text-align-center has-small-font-size\">Sales Trainee<br><br><\/p>\n<\/div>\n<\/div>\n<\/div>\n<\/div>\n\n\n\n<div class=\"wp-block-group alignfull has-global-padding is-layout-constrained wp-container-core-group-is-layout-d89aad35 wp-block-group-is-layout-constrained\" style=\"margin-top:0;margin-bottom:0;padding-top:var(--wp--preset--spacing--50);padding-right:var(--wp--preset--spacing--50);padding-bottom:var(--wp--preset--spacing--50);padding-left:var(--wp--preset--spacing--50)\">\n<div class=\"wp-block-columns alignwide are-vertically-aligned-center is-layout-flex wp-container-core-columns-is-layout-47c06fe3 wp-block-columns-is-layout-flex\">\n<div class=\"wp-block-column is-vertically-aligned-center is-layout-flow wp-block-column-is-layout-flow\" style=\"flex-basis:50%\">\n<h2 class=\"wp-block-heading\">Somi Luxstay<\/h2>\n\n\n\n<p>Ho\u1ea1t \u0111\u1ed9ng cung c\u1ea5p s\u1ea3n ph\u1ea9m &#8211; Cho thu\u00ea c\u0103n h\u1ed9 l\u01b0u tr\u00fa sang tr\u1ecdng v\u00e0 cao c\u1ea5p.<\/p>\n\n\n\n<ul style=\"line-height:1.75\" class=\"wp-block-list is-style-checkmark-list\">\n<li>C\u0103n h\u1ed9 cho thu\u00ea ng\u1eafn ng\u00e0y, qua \u0111\u00eam.<\/li>\n\n\n\n<li>C\u0103n h\u1ed9 d\u1ecbch v\u1ee5 v\u00e0 l\u01b0u tr\u00fa.<\/li>\n\n\n\n<li>C\u0103n h\u1ed9 kh\u00e1ch s\u1ea1n.<\/li>\n<\/ul>\n\n\n\n<div class=\"wp-block-buttons is-layout-flex wp-block-buttons-is-layout-flex\">\n<div class=\"wp-block-button\"><a class=\"wp-block-button__link wp-element-button\">Catalogue<\/a><\/div>\n\n\n\n<div class=\"wp-block-button is-style-outline is-style-outline--6\"><a class=\"wp-block-button__link wp-element-button\" href=\"https:\/\/somigroup.vn\/?page_id=316\" target=\"_blank\" rel=\"noreferrer noopener\">Link service<\/a><\/div>\n<\/div>\n<\/div>\n\n\n\n<div class=\"wp-block-column is-vertically-aligned-center is-layout-flow wp-block-column-is-layout-flow\" style=\"flex-basis:50%\">\n<figure class=\"wp-block-image size-full is-style-rounded is-style-rounded--7\"><img loading=\"lazy\" decoding=\"async\" width=\"3241\" height=\"2155\" src=\"https:\/\/somigroup.vn\/wp-content\/uploads\/2025\/12\/SML-lanmark-81.jpg\" alt=\"\" class=\"wp-image-143\" style=\"aspect-ratio:4\/3;object-fit:cover\"\/><\/figure>\n<\/div>\n<\/div>\n\n\n\n<div style=\"height:20px\" aria-hidden=\"true\" class=\"wp-block-spacer\"><\/div>\n\n\n\n<div class=\"wp-block-columns alignwide are-vertically-aligned-center is-layout-flex wp-container-core-columns-is-layout-47c06fe3 wp-block-columns-is-layout-flex\">\n<div class=\"wp-block-column is-vertically-aligned-center is-layout-flow wp-block-column-is-layout-flow\" style=\"flex-basis:50%\">\n<h2 class=\"wp-block-heading\">Somi Clean<\/h2>\n\n\n\n<p>Somi Clean s\u1ea3n ph\u1ea9m d\u1ecbch v\u1ee5 \u0111\u00e1p \u1ee9ng gi\u1eb7t \u1ee7i, s\u1ea5y, cao c\u1ea5p\u2026 \u0111\u1ebfn v\u1edbi qu\u00fd kh\u00e1ch t\u1ea1i th\u00e0nh ph\u1ed1 H\u1ed3 Ch\u00ed Minh.<\/p>\n\n\n\n<ul style=\"line-height:1.75\" class=\"wp-block-list is-style-checkmark-list\">\n<li>T\u1ef1 ph\u1ee5c v\u1ee5.<\/li>\n\n\n\n<li>Gi\u1eb7t \u1ee7i tr\u1ecdn g\u00f3i.<\/li>\n\n\n\n<li>D\u1ecbch v\u1ee5 gi\u1eb7t cho d\u00e2n d\u1ee5ng, th\u01b0\u01a1ng m\u1ea1i v\u00e0 c\u00f4ng nghi\u1ec7p.<\/li>\n<\/ul>\n\n\n\n<div class=\"wp-block-buttons is-layout-flex wp-block-buttons-is-layout-flex\">\n<div class=\"wp-block-button\"><a class=\"wp-block-button__link wp-element-button\">Catalogue<\/a><\/div>\n\n\n\n<div class=\"wp-block-button is-style-outline is-style-outline--8\"><a class=\"wp-block-button__link wp-element-button\" href=\"https:\/\/somigroup.vn\/?page_id=313\">Link service<\/a><\/div>\n<\/div>\n<\/div>\n\n\n\n<div class=\"wp-block-column is-vertically-aligned-center is-layout-flow wp-block-column-is-layout-flow\" style=\"flex-basis:50%\">\n<figure class=\"wp-block-image size-full is-style-rounded is-style-rounded--9\"><img loading=\"lazy\" decoding=\"async\" width=\"3241\" height=\"2155\" src=\"https:\/\/somigroup.vn\/wp-content\/uploads\/2025\/12\/somiclean-laundry-office.jpg\" alt=\"\" class=\"wp-image-194\" style=\"aspect-ratio:4\/3;object-fit:cover\"\/><\/figure>\n<\/div>\n<\/div>\n<\/div>\n\n\n\n<p><\/p>\n","protected":false},"excerpt":{"rendered":"<p>SOMIGroup C\u00d4NG TY TNHH TH\u01af\u01a0NG M\u1ea0I V\u00c0 D\u1ecaCH V\u1ee4 SOMI GROUP.Chuy\u00ean l\u0129nh v\u1ef1c \u2013 Th\u01b0\u01a1ng hi\u1ec7u Kinh doanh &amp; D\u1ecbch v\u1ee5. C\u0102N H\u1ed8 D\u1ecaCH V\u1ee4 Meet Our Team Gi\u1edbi thi\u1ec7u \u0111\u1ed9i ng\u0169 d\u1ecbch v\u1ee5 c\u0103n h\u1ed9 cho thu\u00ea c\u1ee7a ch\u00fang t\u00f4i: Ch\u00fang t\u00f4i ph\u1ee5c v\u1ee5 nhi\u1ec1u \u0111\u1ed1i t\u01b0\u1ee3ng kh\u00e1ch h\u00e0ng kh\u00e1c nhau khi l\u01b0u tr\u00fa [&hellip;]<\/p>\n","protected":false},"author":1,"featured_media":0,"parent":0,"menu_order":3,"comment_status":"closed","ping_status":"closed","template":"","meta":{"footnotes":""},"class_list":["post-24","page","type-page","status-publish","hentry"],"_links":{"self":[{"href":"https:\/\/somigroup.vn\/index.php?rest_route=\/wp\/v2\/pages\/24","targetHints":{"allow":["GET"]}}],"collection":[{"href":"https:\/\/somigroup.vn\/index.php?rest_route=\/wp\/v2\/pages"}],"about":[{"href":"https:\/\/somigroup.vn\/index.php?rest_route=\/wp\/v2\/types\/page"}],"author":[{"embeddable":true,"href":"https:\/\/somigroup.vn\/index.php?rest_route=\/wp\/v2\/users\/1"}],"replies":[{"embeddable":true,"href":"https:\/\/somigroup.vn\/index.php?rest_route=%2Fwp%2Fv2%2Fcomments&post=24"}],"version-history":[{"count":21,"href":"https:\/\/somigroup.vn\/index.php?rest_route=\/wp\/v2\/pages\/24\/revisions"}],"predecessor-version":[{"id":540,"href":"https:\/\/somigroup.vn\/index.php?rest_route=\/wp\/v2\/pages\/24\/revisions\/540"}],"wp:attachment":[{"href":"https:\/\/somigroup.vn\/index.php?rest_route=%2Fwp%2Fv2%2Fmedia&parent=24"}],"curies":[{"name":"wp","href":"https:\/\/api.w.org\/{rel}","templated":true}]}}