{"id":21,"date":"2025-12-19T08:48:21","date_gmt":"2025-12-19T08:48:21","guid":{"rendered":"https:\/\/somigroup.vn\/?page_id=21"},"modified":"2026-01-07T05:58:18","modified_gmt":"2026-01-07T05:58:18","slug":"trang-chu","status":"publish","type":"page","link":"https:\/\/somigroup.vn\/?page_id=21","title":{"rendered":"Trang ch\u1ee7"},"content":{"rendered":"\n<div class=\"wp-block-group alignfull has-accent-background-color has-background has-global-padding is-layout-constrained wp-container-core-group-is-layout-669513ed wp-block-group-is-layout-constrained\" style=\"margin-top:0;margin-bottom:0;padding-top:var(--wp--preset--spacing--50);padding-right:var(--wp--preset--spacing--50);padding-bottom:var(--wp--preset--spacing--50);padding-left:var(--wp--preset--spacing--50)\">\n<div class=\"wp-block-columns alignwide is-layout-flex wp-container-core-columns-is-layout-1da03c2a wp-block-columns-is-layout-flex\">\n<div class=\"wp-block-column is-vertically-aligned-stretch is-layout-flow wp-block-column-is-layout-flow\" style=\"flex-basis:50%\">\n<div class=\"wp-block-group is-vertical is-content-justification-stretch is-layout-flex wp-container-core-group-is-layout-03ea0e6e wp-block-group-is-layout-flex\" style=\"min-height:100%\">\n<ul class=\"wp-block-list\">\n<li class=\"has-small-font-size\">SOMI Group.<\/li>\n<\/ul>\n\n\n\n<p class=\"has-utm-avo-font-family has-x-large-font-size\" style=\"line-height:1.2\">\u201d V\u1edbi s\u1ef1 chuy\u00ean nghi\u1ec7p v\u00e0 d\u1ecbch v\u1ee5 tin c\u1eady. C\u00f9ng \u0111\u1ed9i ng\u0169 ho\u1ea1t \u0111\u1ed9ng chuy\u00ean tr\u00e1ch. \u201d<\/p>\n\n\n\n<div style=\"height:0px\" aria-hidden=\"true\" class=\"wp-block-spacer wp-container-content-16d1eb73\"><\/div>\n\n\n\n<div class=\"wp-block-group has-global-padding is-content-justification-left is-layout-constrained wp-container-core-group-is-layout-9fe8ed88 wp-block-group-is-layout-constrained\">\n<p class=\"has-text-align-center wp-container-content-0733e5d0\"><strong>\u0110\u1ec3 l\u1ea1i d\u1ea5u \u1ea5n di\u1ec7n m\u1ea1o m\u1edbi.<br><\/strong>M\u1ed9t trong nh\u1eefng s\u1ea3n ph\u1ea9m kinh doanh c\u1ee7a c\u00f4ng ty. V\u1ec1 c\u0103n h\u1ed9 cho thu\u00ea sang tr\u1ecdng, cao c\u1ea5p khi l\u01b0u tr\u00fa t\u1ea1i c\u00e1c c\u0103n d\u1ecbch v\u1ee5 t\u1eeb Somiluxstay.<\/p>\n\n\n\n<div class=\"wp-block-buttons is-content-justification-center is-layout-flex wp-container-core-buttons-is-layout-a89b3969 wp-block-buttons-is-layout-flex\">\n<div class=\"wp-block-button is-style-fill\"><a class=\"wp-block-button__link wp-element-button\" href=\"https:\/\/somigroup.vn\/?page_id=30\" style=\"border-style:none;border-width:0px;border-top-left-radius:5px;border-top-right-radius:5px;border-bottom-left-radius:5px;border-bottom-right-radius:5px\">About us<\/a><\/div>\n<\/div>\n<\/div>\n<\/div>\n<\/div>\n\n\n\n<div class=\"wp-block-column is-vertically-aligned-center is-layout-flow wp-block-column-is-layout-flow\" style=\"flex-basis:50%\">\n<figure class=\"wp-block-image size-full is-style-rounded is-style-rounded--1\"><img loading=\"lazy\" decoding=\"async\" width=\"2400\" height=\"1600\" src=\"https:\/\/somigroup.vn\/wp-content\/uploads\/2025\/12\/Somigroup-Signage.jpg\" alt=\"\" class=\"wp-image-116\" style=\"aspect-ratio:3\/4;object-fit:cover\"\/><\/figure>\n<\/div>\n<\/div>\n<\/div>\n\n\n\n<div class=\"wp-block-group alignfull has-contrast-background-color has-background has-global-padding is-layout-constrained wp-container-core-group-is-layout-d89aad35 wp-block-group-is-layout-constrained\" style=\"margin-top:0;margin-bottom:0;padding-top:var(--wp--preset--spacing--50);padding-right:var(--wp--preset--spacing--50);padding-bottom:var(--wp--preset--spacing--50);padding-left:var(--wp--preset--spacing--50)\">\n<div class=\"wp-block-columns alignwide is-layout-flex wp-container-core-columns-is-layout-549b0c86 wp-block-columns-is-layout-flex\">\n<div class=\"wp-block-column has-global-padding is-content-justification-center is-layout-constrained wp-container-core-column-is-layout-42d62dd4 wp-block-column-is-layout-constrained\" style=\"flex-basis:40%\">\n<p class=\"has-contrast-2-color has-text-color has-link-color wp-elements-489ec82f5ee0dfe6f2970d06ef4bab6a\" style=\"font-size:clamp(14.082px, 0.88rem + ((1vw - 3.2px) * 0.721), 21px);\"><strong>L\u00e0 ng\u01b0\u1eddi l\u00e3nh \u0111\u1ea1o.<\/strong><\/p>\n<\/div>\n\n\n\n<div class=\"wp-block-column is-layout-flow wp-container-core-column-is-layout-6642ce25 wp-block-column-is-layout-flow\" style=\"padding-right:0;padding-left:0;flex-basis:60%\">\n<p class=\"has-text-align-left has-accent-color has-text-color has-link-color has-x-large-font-size wp-elements-13a9404533a77c2733751e02510c1cc2\" style=\"line-height:1.1\">SOMI Group<\/p>\n\n\n\n<div class=\"wp-block-columns is-layout-flex wp-container-core-columns-is-layout-87beb0d0 wp-block-columns-is-layout-flex\">\n<div class=\"wp-block-column is-layout-flow wp-block-column-is-layout-flow\">\n<p class=\"has-accent-color has-text-color has-link-color wp-elements-82fd23952daf1eba25103570e591d091 wp-container-content-9cfa9a5a\">Ch\u00fang t\u00f4i h\u01b0\u1edbng \u0111\u1ebfn vi\u1ec7c m\u1edf r\u1ed9ng kh\u00f4ng gian v\u00e0 n\u00e2ng cao tr\u1ea3i nghi\u1ec7m k\u1ebft n\u1ed1i \u0111\u1ec3 ph\u1ee5c v\u1ee5 kh\u00e1ch h\u00e0ng th\u00f4ng qua c\u00e1c c\u0103n h\u1ed9 d\u1ecbch v\u1ee5 cao c\u1ea5p, sang tr\u1ecdng c\u00f9ng c\u00e1c ti\u1ec7n nghi hi\u1ec7n \u0111\u1ea1i. Ch\u00fang t\u00f4i cam k\u1ebft ph\u00e1t tri\u1ec3n v\u00e0 \u0111\u1ea7u t\u01b0 v\u00e0o m\u1ed9t \u0111\u1ed9i ng\u0169 nh\u00e2n vi\u00ean chuy\u00ean nghi\u1ec7p v\u00e0 g\u1eafn b\u00f3 l\u00e2u d\u00e0i.<\/p>\n<\/div>\n\n\n\n<div class=\"wp-block-column is-layout-flow wp-block-column-is-layout-flow\">\n<p class=\"has-accent-color has-text-color has-link-color wp-elements-b8d3267dbc3176d830b5961f3c600d22\">SOMI Group hy v\u1ecdng s\u1ebd tr\u1edf th\u00e0nh \u0111\u1ed1i t\u00e1c \u0111\u00e1ng tin c\u1eady c\u1ee7a kh\u00e1ch h\u00e0ng, c\u1ea3 hi\u1ec7n t\u1ea1i v\u00e0 t\u01b0\u01a1ng lai. Tr\u1ea3i nghi\u1ec7m t\u1ea1i c\u00e1c c\u0103n h\u1ed9 d\u1ecbch v\u1ee5 Somiluxstay \u0111\u01b0\u1ee3c t\u1ea1o n\u00ean b\u1edfi \u0111\u1ed9i ng\u0169 SOMI Group. \u0110\u1ed9i ng\u0169 ph\u1ee5c v\u1ee5 t\u1eadn t\u00e2m c\u1ee7a ch\u00fang t\u00f4i th\u1ec3 hi\u1ec7n s\u1ef1 chuy\u00ean nghi\u1ec7p th\u00f4ng qua vi\u1ec7c l\u1eafng nghe t\u00edch c\u1ef1c v\u00e0 th\u1ea5u hi\u1ec3u ch\u00e2n th\u00e0nh nhu c\u1ea7u c\u1ee7a kh\u00e1ch h\u00e0ng.<\/p>\n<\/div>\n<\/div>\n<\/div>\n<\/div>\n<\/div>\n\n\n\n<div class=\"wp-block-group alignfull has-accent-background-color has-background has-global-padding is-layout-constrained wp-container-core-group-is-layout-f6cc5ae6 wp-block-group-is-layout-constrained\" style=\"margin-top:0;margin-bottom:0;padding-top:var(--wp--preset--spacing--30);padding-right:var(--wp--preset--spacing--50);padding-bottom:var(--wp--preset--spacing--30);padding-left:var(--wp--preset--spacing--50)\">\n<div class=\"wp-block-group is-vertical is-content-justification-center is-layout-flex wp-container-core-group-is-layout-ce155fab wp-block-group-is-layout-flex\">\n<div style=\"height:0px\" aria-hidden=\"true\" class=\"wp-block-spacer wp-container-content-16d1eb73\"><\/div>\n\n\n\n<h2 class=\"wp-block-heading has-text-align-center has-x-large-font-size\"><strong>OUR TEAM<\/strong><\/h2>\n\n\n\n<p class=\"has-text-align-center\">\u0110\u1ed3ng h\u00e0nh c\u00f9ng SOMI Group l\u00e0 \u0111\u1ed9i ng\u0169 chuy\u00ean nghi\u1ec7p lu\u00f4n l\u1eafng nghe v\u00e0 th\u1ea5u hi\u1ec3u nhu c\u1ea7u c\u1ee7a Qu\u00fd kh\u00e1ch h\u00e0ng.<\/p>\n\n\n\n<div style=\"height:0px\" aria-hidden=\"true\" class=\"wp-block-spacer wp-container-content-16d1eb73\"><\/div>\n<\/div>\n\n\n\n<div class=\"wp-block-columns alignwide is-layout-flex wp-container-core-columns-is-layout-4935966c wp-block-columns-is-layout-flex\" style=\"padding-right:0;padding-left:0\">\n<div class=\"wp-block-column is-layout-flow wp-block-column-is-layout-flow\">\n<figure class=\"wp-block-image size-full is-style-rounded is-style-rounded--2\"><img decoding=\"async\" src=\"https:\/\/somiclean.com\/wp-content\/uploads\/2025\/12\/A-Nguyet-CEO-SOMI-Group.jpg\" alt=\"\" class=\"wp-image-566\" style=\"aspect-ratio:1;object-fit:cover\"\/><\/figure>\n\n\n\n<div class=\"wp-block-group is-vertical is-content-justification-center is-nowrap is-layout-flex wp-container-core-group-is-layout-21d4e958 wp-block-group-is-layout-flex\">\n<p class=\"has-text-align-center has-small-font-size\">Mrs.<strong> Anh Nguyet <\/strong><\/p>\n\n\n\n<p class=\"has-text-align-center has-small-font-size\">Founder, CEO SOMI Group<\/p>\n<\/div>\n<\/div>\n\n\n\n<div class=\"wp-block-column is-layout-flow wp-block-column-is-layout-flow\">\n<figure class=\"wp-block-image size-full is-style-rounded is-style-rounded--3\"><img decoding=\"async\" src=\"https:\/\/somiclean.com\/wp-content\/uploads\/2025\/12\/ceo-somiclean.jpg\" alt=\"\" class=\"wp-image-567\" style=\"aspect-ratio:1;object-fit:cover\"\/><\/figure>\n\n\n\n<div class=\"wp-block-group is-vertical is-content-justification-center is-nowrap is-layout-flex wp-container-core-group-is-layout-63bfd6c1 wp-block-group-is-layout-flex\">\n<p class=\"has-text-align-center has-small-font-size\">Mrs. <strong>Anh Dung<\/strong><\/p>\n\n\n\n<p class=\"has-text-align-center has-small-font-size\">&nbsp;Director Somi Clean<\/p>\n<\/div>\n<\/div>\n\n\n\n<div class=\"wp-block-column is-layout-flow wp-block-column-is-layout-flow\">\n<figure class=\"wp-block-image size-full is-style-rounded is-style-rounded--4\"><img decoding=\"async\" src=\"https:\/\/somiclean.com\/wp-content\/uploads\/2025\/12\/id-ceo-somiclean-director.jpg\" alt=\"\" class=\"wp-image-571\" style=\"aspect-ratio:1;object-fit:cover\"\/><\/figure>\n\n\n\n<div class=\"wp-block-group is-vertical is-content-justification-center is-nowrap is-layout-flex wp-container-core-group-is-layout-63bfd6c1 wp-block-group-is-layout-flex\">\n<p class=\"has-text-align-center has-small-font-size\">Ms. <strong>Kieu Anh<\/strong><\/p>\n\n\n\n<p class=\"has-text-align-center has-small-font-size\">Deputy Director<\/p>\n<\/div>\n<\/div>\n\n\n\n<div class=\"wp-block-column is-layout-flow wp-block-column-is-layout-flow\">\n<figure class=\"wp-block-image size-full is-style-rounded is-style-rounded--5\"><img decoding=\"async\" src=\"https:\/\/somiclean.com\/wp-content\/uploads\/2025\/12\/id-somiclean-HR.jpg\" alt=\"\" class=\"wp-image-574\" style=\"aspect-ratio:1;object-fit:cover\"\/><\/figure>\n\n\n\n<div class=\"wp-block-group is-vertical is-content-justification-center is-nowrap is-layout-flex wp-container-core-group-is-layout-21d4e958 wp-block-group-is-layout-flex\">\n<p class=\"has-text-align-center has-small-font-size\">Ms. <strong>My Lan<\/strong><\/p>\n\n\n\n<p class=\"has-text-align-center has-small-font-size\">HR Manager<br><br><\/p>\n<\/div>\n<\/div>\n<\/div>\n<\/div>\n\n\n\n<div class=\"wp-block-group alignfull has-accent-background-color has-background has-global-padding is-layout-constrained wp-container-core-group-is-layout-d89aad35 wp-block-group-is-layout-constrained\" style=\"margin-top:0;margin-bottom:0;padding-top:var(--wp--preset--spacing--50);padding-right:var(--wp--preset--spacing--50);padding-bottom:var(--wp--preset--spacing--50);padding-left:var(--wp--preset--spacing--50)\">\n<div class=\"wp-block-columns alignwide is-layout-flex wp-container-core-columns-is-layout-1da03c2a wp-block-columns-is-layout-flex\">\n<div class=\"wp-block-column is-layout-flow wp-block-column-is-layout-flow\" style=\"flex-basis:40%\">\n<h2 class=\"wp-block-heading\">S\u1ea3n ph\u1ea9m d\u1ecbch v\u1ee5 kinh doanh c\u1ed1t l\u00f5i c\u1ee7a SOMI Group.<\/h2>\n\n\n\n<ul class=\"wp-block-list\">\n<li><strong>C\u0103n h\u1ed9 d\u1ecbch v\u1ee5 cho thu\u00ea v\u00e0 l\u01b0u tr\u00fa<\/strong>.<\/li>\n<\/ul>\n\n\n\n<p>Somi Luxstay &#8211; D\u1ecbch v\u1ee5 c\u0103n h\u1ed9 cho thu\u00ea Landmark 81 v\u00e0 l\u01b0u tr\u00fa t\u1ea1i Vinhomes Central Park.<\/p>\n\n\n\n<div class=\"wp-block-buttons is-content-justification-center is-layout-flex wp-container-core-buttons-is-layout-a89b3969 wp-block-buttons-is-layout-flex\">\n<div class=\"wp-block-button\"><a class=\"wp-block-button__link wp-element-button\" href=\"https:\/\/somigroup.vn\/?page_id=24\">Our services<\/a><\/div>\n<\/div>\n<\/div>\n\n\n\n<div class=\"wp-block-column is-vertically-aligned-center is-layout-flow wp-block-column-is-layout-flow\" style=\"flex-basis:60%\">\n<figure class=\"wp-block-image size-full is-style-default wp-duotone-unset-6\"><img loading=\"lazy\" decoding=\"async\" width=\"2504\" height=\"2504\" src=\"https:\/\/somigroup.vn\/wp-content\/uploads\/2025\/12\/Somi-Luxstay.png\" alt=\"\" class=\"wp-image-94\" style=\"aspect-ratio:4\/3;object-fit:cover\"\/><\/figure>\n<\/div>\n<\/div>\n<\/div>\n\n\n\n<div class=\"wp-block-group alignfull has-accent-color has-contrast-background-color has-text-color has-background has-link-color wp-elements-ef46ec74f6a1215f94d01643a93c3f18 has-global-padding is-layout-constrained wp-container-core-group-is-layout-d89aad35 wp-block-group-is-layout-constrained\" style=\"margin-top:0;margin-bottom:0;padding-top:var(--wp--preset--spacing--50);padding-right:var(--wp--preset--spacing--50);padding-bottom:var(--wp--preset--spacing--50);padding-left:var(--wp--preset--spacing--50)\">\n<div class=\"wp-block-columns alignwide are-vertically-aligned-center is-layout-flex wp-container-core-columns-is-layout-47c06fe3 wp-block-columns-is-layout-flex\">\n<div class=\"wp-block-column is-vertically-aligned-center is-layout-flow wp-block-column-is-layout-flow\" style=\"flex-basis:50%\">\n<h2 class=\"wp-block-heading has-accent-color has-text-color has-link-color wp-elements-041b80e8b36ecf629d3e09ee33c6e4a8\">H\u00e0nh tr\u00ecnh x\u00e2y d\u1ef1ng t\u1ea7m nh\u00ecn v\u00e0 s\u1ee9 m\u1ec7nh c\u00f9ng v\u1edbi kh\u00e1ch h\u00e0ng, \u0111\u1ed1i t\u00e1c v\u00e0 \u0111\u1ed9i ng\u0169 SOMI Group.<\/h2>\n\n\n\n<ul style=\"line-height:1.75\" class=\"wp-block-list is-style-checkmark-list\">\n<li>Kh\u00e1ch h\u00e0ng &#8211;  \u0110\u1ed9i ng\u0169 l\u00e0 t\u00e0i s\u1ea3n qu\u00fd gi\u00e1 nh\u1ea5t.<\/li>\n\n\n\n<li>T\u00f4n Tr\u1ecdng &#8211; Ch\u00e2n Th\u00e0nh &#8211; T\u00edn Th\u00e1c.<\/li>\n\n\n\n<li>T\u00f4n tr\u1ecdng  ph\u00e1t tri\u1ec3n &#8211; Song H\u00e0nh &amp; Chia s\u1ebb.<\/li>\n\n\n\n<li>T\u1ef1 tin &#8211;&nbsp;Chia s\u1ebb  &#8211; T\u1eadn h\u01b0\u1edfng cu\u1ed9c s\u1ed1ng.<\/li>\n<\/ul>\n\n\n\n<div class=\"wp-block-buttons is-layout-flex wp-block-buttons-is-layout-flex\">\n<div class=\"wp-block-button\"><a class=\"wp-block-button__link wp-element-button\"><strong>Profile<\/strong><\/a><\/div>\n\n\n\n<div class=\"wp-block-button is-style-outline is-style-outline--7\"><a class=\"wp-block-button__link wp-element-button\" href=\"https:\/\/somigroup.vn\/?page_id=35\"><strong>How it works<\/strong><\/a><\/div>\n<\/div>\n<\/div>\n\n\n\n<div class=\"wp-block-column is-vertically-aligned-center is-layout-flow wp-block-column-is-layout-flow\" style=\"flex-basis:50%\">\n<figure class=\"wp-block-image size-full is-style-default\"><img loading=\"lazy\" decoding=\"async\" width=\"2504\" height=\"2504\" src=\"https:\/\/somigroup.vn\/wp-content\/uploads\/2025\/12\/SOMI-Group_Version-01.jpg\" alt=\"\" class=\"wp-image-95\" style=\"aspect-ratio:4\/3;object-fit:cover\"\/><\/figure>\n<\/div>\n<\/div>\n<\/div>\n\n\n\n<div class=\"wp-block-group is-vertical is-content-justification-center is-layout-flex wp-container-core-group-is-layout-ce155fab wp-block-group-is-layout-flex\">\n<div style=\"height:0px\" aria-hidden=\"true\" class=\"wp-block-spacer wp-container-content-e1bb55cb\"><\/div>\n\n\n\n<h2 class=\"wp-block-heading has-text-align-center has-x-large-font-size\"><strong>\u0110\u0102NG K\u00dd<\/strong><\/h2>\n\n\n\n<p class=\"has-text-align-center\">\u0110\u1ed3ng h\u00e0nh c\u00f9ng SOMI Group l\u00e0 \u0111\u1ed9i ng\u0169 chuy\u00ean nghi\u1ec7p lu\u00f4n l\u1eafng nghe v\u00e0 th\u1ea5u hi\u1ec3u nhu c\u1ea7u c\u1ee7a Qu\u00fd kh\u00e1ch h\u00e0ng.<\/p>\n\n\n<div class=\"wp-block-post-date__modified-date wp-block-post-date\"><time datetime=\"2026-01-07T05:58:18+00:00\">Th\u00e1ng 1 7, 2026<\/time><\/div>\n\n\n<div class=\"wp-block-buttons is-layout-flex wp-block-buttons-is-layout-flex\">\n<div class=\"wp-block-button\"><a class=\"wp-block-button__link wp-element-button\">Register<\/a><\/div>\n<\/div>\n\n\n\n<div style=\"height:0px\" aria-hidden=\"true\" class=\"wp-block-spacer wp-container-content-16d1eb73\"><\/div>\n\n\n\n<div style=\"height:0px\" aria-hidden=\"true\" class=\"wp-block-spacer wp-container-content-16d1eb73\"><\/div>\n<\/div>\n","protected":false},"excerpt":{"rendered":"<p>\u201d V\u1edbi s\u1ef1 chuy\u00ean nghi\u1ec7p v\u00e0 d\u1ecbch v\u1ee5 tin c\u1eady. C\u00f9ng \u0111\u1ed9i ng\u0169 ho\u1ea1t \u0111\u1ed9ng chuy\u00ean tr\u00e1ch. \u201d \u0110\u1ec3 l\u1ea1i d\u1ea5u \u1ea5n di\u1ec7n m\u1ea1o m\u1edbi.M\u1ed9t trong nh\u1eefng s\u1ea3n ph\u1ea9m kinh doanh c\u1ee7a c\u00f4ng ty. V\u1ec1 c\u0103n h\u1ed9 cho thu\u00ea sang tr\u1ecdng, cao c\u1ea5p khi l\u01b0u tr\u00fa t\u1ea1i c\u00e1c c\u0103n d\u1ecbch v\u1ee5 t\u1eeb Somiluxstay. L\u00e0 ng\u01b0\u1eddi [&hellip;]<\/p>\n","protected":false},"author":1,"featured_media":0,"parent":0,"menu_order":1,"comment_status":"closed","ping_status":"closed","template":"","meta":{"footnotes":""},"class_list":["post-21","page","type-page","status-publish","hentry"],"_links":{"self":[{"href":"https:\/\/somigroup.vn\/index.php?rest_route=\/wp\/v2\/pages\/21","targetHints":{"allow":["GET"]}}],"collection":[{"href":"https:\/\/somigroup.vn\/index.php?rest_route=\/wp\/v2\/pages"}],"about":[{"href":"https:\/\/somigroup.vn\/index.php?rest_route=\/wp\/v2\/types\/page"}],"author":[{"embeddable":true,"href":"https:\/\/somigroup.vn\/index.php?rest_route=\/wp\/v2\/users\/1"}],"replies":[{"embeddable":true,"href":"https:\/\/somigroup.vn\/index.php?rest_route=%2Fwp%2Fv2%2Fcomments&post=21"}],"version-history":[{"count":85,"href":"https:\/\/somigroup.vn\/index.php?rest_route=\/wp\/v2\/pages\/21\/revisions"}],"predecessor-version":[{"id":580,"href":"https:\/\/somigroup.vn\/index.php?rest_route=\/wp\/v2\/pages\/21\/revisions\/580"}],"wp:attachment":[{"href":"https:\/\/somigroup.vn\/index.php?rest_route=%2Fwp%2Fv2%2Fmedia&parent=21"}],"curies":[{"name":"wp","href":"https:\/\/api.w.org\/{rel}","templated":true}]}}